{"id":2046,"date":"2022-12-02T01:38:20","date_gmt":"2022-12-02T01:38:20","guid":{"rendered":"https:\/\/xenodochial-pascal.18-203-29-157.plesk.page\/quienes-somos\/"},"modified":"2023-01-09T15:19:41","modified_gmt":"2023-01-09T15:19:41","slug":"quienes-somos","status":"publish","type":"page","link":"https:\/\/marquesdegrinon.com\/en\/quienes-somos\/","title":{"rendered":"About us"},"content":{"rendered":"<div id=\"inner-heading\" class=\"container-fluid\">\n\t<div class=\"row h-100 d-flex align-items-center\">\n\t\t<div class=\"col-12 h-100 d-flex align-items-center\" style=\"background: url(https:\/\/marquesdegrinon.com\/wp-content\/uploads\/2022\/12\/quienes_somos-scaled.jpg) center center no-repeat; background-size: cover;\">\n\t\t\t<div class=\"container\">\n\t\t\t\t<div class=\"row\">\n\t\t\t\t\t<div class=\"offset-md-2 col-md-8 offset-sm-0 offset-0 col-sm-12 col-12 d-flex align-items-center justify-content-center\">\n\t\t\t\t\t\t<div class=\"inner text-center wow fadeInUp\">\n\t\t\t\t\t\t\t<h1>About us<\/h1>\n\t\t\t\t\t\t<\/div>\n\t\t\t\t\t<\/div>\n\t\t\t\t<\/div>\n\t\t\t<\/div>\n\t\t<\/div>\n\t<\/div>\n<\/div>\n<div id=\"map-gradient\"><\/div>\n\n<div id=\"map\" class=\"container-fluid\" style=\"background: rgb(243,238,225)\">\r\n\t<div class=\"row\">\r\n\t\t<div class=\"col-12 d-flex align-items-center\">\r\n\t\t\t<div class=\"container\">\r\n\t\t\t\t<div class=\"row\">\r\n\t\t\t\t\t<div class=\"offset-md-2 col-md-8 offset-sm-0 offset-0 col-sm-12 col-12 d-flex align-items-center justify-content-center mb-md-5 mb-sm-0 mb-0\">\r\n\t\t\t\t\t\t<div class=\"inner text-center px-md-5 px-sm-0 px-0 mx-md-4 mx-sm-0 mx-0 wow fadeInUp\">\r\n\t\t\t\t\t\t\t<h2>Our products hold renowned designations of origin<\/h2>\r\n\t\t\t\t\t\t<\/div>\r\n\t\t\t\t\t<\/div>\r\n                    <div class=\"col-12 mt-md-5 mt-sm-0 mt-0 pt-5 mb-5 wow fadeInUp\">\r\n                        <img decoding=\"async\" src=\"https:\/\/marquesdegrinon.com\/wp-content\/uploads\/2023\/01\/Mapa-MDG2023.png\" alt=\"\" class=\"w-100 px-md-5 px-sm-0 px-0\">\r\n                    <\/div>\r\n\t\t\t\t<\/div>\r\n\t\t\t<\/div>\r\n\t\t<\/div>\r\n\t<\/div>\r\n<\/div>\n\n\n<div style=\"height:24px\" aria-hidden=\"true\" id=\"dominiovaldepusa\" class=\"wp-block-spacer\"><\/div>\n\n\n<div id=\"title-desc\" class=\"container-fluid\" style=\"background: ;\">\n\t<div class=\"row\">\n\t\t<div class=\"col-12\">\n\t\t\t<div class=\"container\">\n\t\t\t\t<div class=\"row\">\n\t\t\t\t\t\t\t\t\t\t\t<div class=\"col-md-8 offset-md-2 col-sm-12 offset-sm-0 col-12 offset-0 text-center px-md-5 px-sm-auto px-auto\">\n\t\t\t\t\t\t\t<h2 class=\"mb-3 wow fadeInUp\" style=\"color: ;\">Dominio de Valdepusa<\/h2>\n\t\t\t\t\t\t\t\t\t\t\t\t\t<\/div>\n\t\t\t\t\t\t\t\t\t<\/div>\n\t\t\t<\/div>\n\t\t<\/div>\n\t<\/div>\n<\/div>\n\n<div id=\"img-desc\" class=\"container\">\n\t<div class=\"row\">\n\t\t\t\n\t\t\t<div class=\"col-12 img-left position-relative\">\n\t\t\t\t<img decoding=\"async\" src=\"https:\/\/marquesdegrinon.com\/wp-content\/themes\/marques\/img\/ilustracion-cuatro-inv.png\" alt=\"\" class=\"img position-absolute wow fadeInLeft\">\n\t\t\t\t<div class=\"container\">\n\t\t\t\t\t<div class=\"row\">\n\t\t\t\t\t\t<div class=\"col-md-6 col-sm-12 col-12 order1 mb-md-5 mb-sm-2 mb-2 py-4 d-flex align-items-center\">\n\t\t\t\t\t\t\t<img decoding=\"async\" src=\"https:\/\/marquesdegrinon.com\/wp-content\/uploads\/2022\/12\/dominiodevaldepusa-1.jpg\" class=\"img-responsive w-100 wow fadeInLeft\" alt=\"\">\n\t\t\t\t\t\t<\/div>\n\t\t\t\t\t\t<div class=\"col-md-6 col-sm-12 col-12 order2 text-start mb-5 ps-md-5 ps-sm-auto ps-auto d-flex align-items-center justify-items-start\">\n\t\t\t\t\t\t\t<div class=\"items wow fadeInRight\">\n\t\t\t\t\t\t\t\t<h3 class=\"mb-4\">The Estate<\/h3>\n\t\t\t\t\t\t\t\t<p>Dominio de Valdepusa stretches over 50 hectares, including the original Cabernet Sauvignon vineyard planted in 1974. From there, it has gradually expanded to include the Syrah, Petit Verdot and Graciano varieties. Large evergreen oaks mark the vineyard\u2019s landscape and its paths are flanked by cypresses, rose bushes and rows of lavender. The main estate and the winery are historic buildings from the 18th century.<br \/>\r\n<br \/>\r\nThe central patio is a stunning example of classic Toledan architecture, housing a wine press where visitors can experience the traditional grape stomping system at harvest time.<\/p>\n\t\t\t\t\t\t\t<\/div>\n\t\t\t\t\t\t<\/div>\n\t\t\t\t\t<\/div>\n\t\t\t\t<\/div>\n\t\t\t<\/div>\n\t\t\n\t\t\t<\/div>\n<\/div>\n\n<div id=\"img-desc\" class=\"container\">\n\t<div class=\"row\">\n\t\t\t\n\t\t\t<div class=\"col-12 img-right position-relative\">\n\t\t\t\t<img decoding=\"async\" src=\"https:\/\/marquesdegrinon.com\/wp-content\/themes\/marques\/img\/ilustracion-cuatro.png\" alt=\"\" class=\"img position-absolute wow fadeInRight\">\n\t\t\t\t<div class=\"container\">\n\t\t\t\t\t<div class=\"row\">\n\t\t\t\t\t\t<div class=\"col-md-6 col-sm-12 col-12 order2 text-start mb-5 d-flex align-items-center justify-items-start\">\n\t\t\t\t\t\t\t<div class=\"items wow fadeInLeft\">\n\t\t\t\t\t\t\t\t<h3 class=\"mb-4\">The Terroir<\/h3>\n\t\t\t\t\t\t\t\t<p>The soil of Dominio de Valdepusa is made up of a superficial layer of clay with a thickness of 30 to 50 cm, resting on a subsoil of fragmented limestone stretching at least two metres deep. This base soil has an excellent structure, porosity and drainage, considered for centuries as the ideal conditions for producing great wines.<\/p>\n\t\t\t\t\t\t\t<\/div>\n\t\t\t\t\t\t<\/div>\n\t\t\t\t\t\t<div class=\"col-md-6 col-sm-12 col-12 order1 mb-md-5 mb-sm-2 mb-2 py-4 ps-md-5 ps-sm-auto ps-auto d-flex align-items-center\">\n\t\t\t\t\t\t\t<img decoding=\"async\" src=\"https:\/\/marquesdegrinon.com\/wp-content\/uploads\/2022\/12\/TERRIOR.jpg\" class=\"img-responsive w-100 wow fadeInRight\" alt=\"\">\n\t\t\t\t\t\t<\/div>\n\t\t\t\t\t<\/div>\n\t\t\t\t<\/div>\n\t\t\t<\/div>\n\t\t\n\t\t\t<\/div>\n<\/div>\n\n<div id=\"img-desc\" class=\"container\">\n\t<div class=\"row\">\n\t\t\t\n\t\t\t<div class=\"col-12 img-left position-relative\">\n\t\t\t\t<img decoding=\"async\" src=\"https:\/\/marquesdegrinon.com\/wp-content\/themes\/marques\/img\/ilustracion-cuatro-inv.png\" alt=\"\" class=\"img position-absolute wow fadeInLeft\">\n\t\t\t\t<div class=\"container\">\n\t\t\t\t\t<div class=\"row\">\n\t\t\t\t\t\t<div class=\"col-md-6 col-sm-12 col-12 order1 mb-md-5 mb-sm-2 mb-2 py-4 d-flex align-items-center\">\n\t\t\t\t\t\t\t<img decoding=\"async\" src=\"https:\/\/marquesdegrinon.com\/wp-content\/uploads\/2022\/12\/sala-crianza.jpg\" class=\"img-responsive w-100 wow fadeInLeft\" alt=\"\">\n\t\t\t\t\t\t<\/div>\n\t\t\t\t\t\t<div class=\"col-md-6 col-sm-12 col-12 order2 text-start mb-5 ps-md-5 ps-sm-auto ps-auto d-flex align-items-center justify-items-start\">\n\t\t\t\t\t\t\t<div class=\"items wow fadeInRight\">\n\t\t\t\t\t\t\t\t<h3 class=\"mb-4\">The Ageing Cellar<\/h3>\n\t\t\t\t\t\t\t\t<p>The ageing cellar is entirely underground, with a capacity for 2,000 Bordeaux barrels. Inside, there are three strict rules: It must always be clean, temperature controlled and no oxygen must enter any of the post-fermentation operations. Hygrometric control is available, keeping conditions ideal when elaborating the wines and ensuring products of consistently high quality.<br \/>\r\n<br \/>\r\nOnly French oak barrels from the Allier region are used and must be new or semi-new. We make an effort to minimise interventions by avoiding unnecessary transfers, filtering or clarifications.<\/p>\n\t\t\t\t\t\t\t<\/div>\n\t\t\t\t\t\t<\/div>\n\t\t\t\t\t<\/div>\n\t\t\t\t<\/div>\n\t\t\t<\/div>\n\t\t\n\t\t\t<\/div>\n<\/div>\n\n\n<div style=\"height:58px\" aria-hidden=\"true\" class=\"wp-block-spacer d-md-block d-sm-none d-none\"><\/div>\n\n\n<div id=\"timeline\" class=\"container-fluid\" style=\"background: #f1f0ee\">\r\n\t<div class=\"row\">\r\n\t\t<div class=\"col-12\">\r\n\t\t\t<div class=\"container\">\r\n\t\t\t\t<div class=\"row\">\r\n\t\t\t\t\t<div class=\"col-sm-12 d-flex align-items-center justify-content-center\">\r\n\t\t\t\t\t\t<div class=\"inner text-center mb-3 wow fadeInUp\">\r\n\t\t\t\t\t\t\t<p class=\"mb-2 text-uppercase title\">Our Approach<\/p>\r\n\t\t\t\t\t\t\t<h2 class=\"mb-md-5 mb-sm-2 mb-2\">Quality and<br> Innovation<\/h2>\r\n\t\t\t\t\t\t<\/div>\r\n\t\t\t\t\t<\/div>\t\r\n\r\n\t\t\t\t\t\r\n\t\t\t\t\t<div class=\"col-12\">\r\n\t\t\t\t\t\t<div class=\"carousel-container\">\r\n\t\t\t\t\t\t\t<div class=\"timeline-carousel wow fadeInUp\">\r\n\t\t\t\t\t\t\t\t\t\t\t\t\t\t\t\t\t\t\t\t\t\t\t\t\t\t\t<div class=\"item row\">\r\n\t\t\t\t\t\t\t\t\t\t\t<div class=\"col-md-6 col-sm-12 col-12 px-md-5 px-sm-0 px-0 bullet\">\r\n\t\t\t\t\t\t\t\t\t\t\t\t<img decoding=\"async\" src=\"https:\/\/marquesdegrinon.com\/wp-content\/uploads\/2022\/12\/NoPath-copia-17.jpg\" alt=\"\" class=\"w-100\">\r\n\t\t\t\t\t\t\t\t\t\t\t<\/div>\r\n\t\t\t\t\t\t\t\t\t\t\t<div class=\"col-md-6 col-sm-12 col-12 px-md-5 px-sm-3 px-3 d-flex align-items-center\">\r\n\t\t\t\t\t\t\t\t\t\t\t\t<div class=\"px-md-3 px-sm-0 px-0 text-md-start text-sm-center text-center\">\r\n\t\t\t\t\t\t\t\t\t\t\t\t\t<h5 class=\"line\">1974<\/h5>\r\n\t\t\t\t\t\t\t\t\t\t\t\t\t<h4>Cabernet Sauvignon | Drip Irrigation<\/h4>\r\n\t\t\t\t\t\t\t\t\t\t\t\t\t<div><p>We plant the first Cabernet Sauvignon vineyard in Castilla La Mancha and become the first vineyard in the world to apply drip irrigation.<\/p>\n<\/div>\r\n\t\t\t\t\t\t\t\t\t\t\t\t<\/div>\r\n\t\t\t\t\t\t\t\t\t\t\t<\/div>\r\n\t\t\t\t\t\t\t\t\t\t<\/div>\r\n\t\t\t\t\t\t\t\t\t\t\t\t\t\t\t\t\t\t\t<div class=\"item row\">\r\n\t\t\t\t\t\t\t\t\t\t\t<div class=\"col-md-6 col-sm-12 col-12 px-md-5 px-sm-0 px-0 bullet\">\r\n\t\t\t\t\t\t\t\t\t\t\t\t<img decoding=\"async\" src=\"https:\/\/marquesdegrinon.com\/wp-content\/uploads\/2022\/12\/NoPath-copia-18.jpg\" alt=\"\" class=\"w-100\">\r\n\t\t\t\t\t\t\t\t\t\t\t<\/div>\r\n\t\t\t\t\t\t\t\t\t\t\t<div class=\"col-md-6 col-sm-12 col-12 px-md-5 px-sm-3 px-3 d-flex align-items-center\">\r\n\t\t\t\t\t\t\t\t\t\t\t\t<div class=\"px-md-3 px-sm-0 px-0 text-md-start text-sm-center text-center\">\r\n\t\t\t\t\t\t\t\t\t\t\t\t\t<h5 class=\"line\">1982<\/h5>\r\n\t\t\t\t\t\t\t\t\t\t\t\t\t<h4>Emile Peynaud<\/h4>\r\n\t\t\t\t\t\t\t\t\t\t\t\t\t<div><p>Advising services begin from \u00c9mile Peynaud, professor of oenology at the University of Bordeaux (France).<\/p>\n<\/div>\r\n\t\t\t\t\t\t\t\t\t\t\t\t<\/div>\r\n\t\t\t\t\t\t\t\t\t\t\t<\/div>\r\n\t\t\t\t\t\t\t\t\t\t<\/div>\r\n\t\t\t\t\t\t\t\t\t\t\t\t\t\t\t\t\t\t\t<div class=\"item row\">\r\n\t\t\t\t\t\t\t\t\t\t\t<div class=\"col-md-6 col-sm-12 col-12 px-md-5 px-sm-0 px-0 bullet\">\r\n\t\t\t\t\t\t\t\t\t\t\t\t<img decoding=\"async\" src=\"https:\/\/marquesdegrinon.com\/wp-content\/uploads\/2022\/12\/NoPath-copia-19.jpg\" alt=\"\" class=\"w-100\">\r\n\t\t\t\t\t\t\t\t\t\t\t<\/div>\r\n\t\t\t\t\t\t\t\t\t\t\t<div class=\"col-md-6 col-sm-12 col-12 px-md-5 px-sm-3 px-3 d-flex align-items-center\">\r\n\t\t\t\t\t\t\t\t\t\t\t\t<div class=\"px-md-3 px-sm-0 px-0 text-md-start text-sm-center text-center\">\r\n\t\t\t\t\t\t\t\t\t\t\t\t\t<h5 class=\"line\">1989<\/h5>\r\n\t\t\t\t\t\t\t\t\t\t\t\t\t<h4>New Winery<\/h4>\r\n\t\t\t\t\t\t\t\t\t\t\t\t\t<div><p>Construction ends of the new Dominio de Valdepusa winery, featuring the first climate-controlled ageing cellar in Spain.<\/p>\n<\/div>\r\n\t\t\t\t\t\t\t\t\t\t\t\t<\/div>\r\n\t\t\t\t\t\t\t\t\t\t\t<\/div>\r\n\t\t\t\t\t\t\t\t\t\t<\/div>\r\n\t\t\t\t\t\t\t\t\t\t\t\t\t\t\t\t\t\t\t<div class=\"item row\">\r\n\t\t\t\t\t\t\t\t\t\t\t<div class=\"col-md-6 col-sm-12 col-12 px-md-5 px-sm-0 px-0 bullet\">\r\n\t\t\t\t\t\t\t\t\t\t\t\t<img decoding=\"async\" src=\"https:\/\/marquesdegrinon.com\/wp-content\/uploads\/2022\/12\/NoPath-copia-20.jpg\" alt=\"\" class=\"w-100\">\r\n\t\t\t\t\t\t\t\t\t\t\t<\/div>\r\n\t\t\t\t\t\t\t\t\t\t\t<div class=\"col-md-6 col-sm-12 col-12 px-md-5 px-sm-3 px-3 d-flex align-items-center\">\r\n\t\t\t\t\t\t\t\t\t\t\t\t<div class=\"px-md-3 px-sm-0 px-0 text-md-start text-sm-center text-center\">\r\n\t\t\t\t\t\t\t\t\t\t\t\t\t<h5 class=\"line\">1991<\/h5>\r\n\t\t\t\t\t\t\t\t\t\t\t\t\t<h4>Syrah \/ Michel Rolland<\/h4>\r\n\t\t\t\t\t\t\t\t\t\t\t\t\t<div><p>We plant the first Syrah variety in Spain.<br \/>\nAdvising services begin from oenologist Michel Rolland (Bordeaux, France).<\/p>\n<\/div>\r\n\t\t\t\t\t\t\t\t\t\t\t\t<\/div>\r\n\t\t\t\t\t\t\t\t\t\t\t<\/div>\r\n\t\t\t\t\t\t\t\t\t\t<\/div>\r\n\t\t\t\t\t\t\t\t\t\t\t\t\t\t\t\t\t\t\t<div class=\"item row\">\r\n\t\t\t\t\t\t\t\t\t\t\t<div class=\"col-md-6 col-sm-12 col-12 px-md-5 px-sm-0 px-0 bullet\">\r\n\t\t\t\t\t\t\t\t\t\t\t\t<img decoding=\"async\" src=\"https:\/\/marquesdegrinon.com\/wp-content\/uploads\/2022\/12\/NoPath-copia-21.jpg\" alt=\"\" class=\"w-100\">\r\n\t\t\t\t\t\t\t\t\t\t\t<\/div>\r\n\t\t\t\t\t\t\t\t\t\t\t<div class=\"col-md-6 col-sm-12 col-12 px-md-5 px-sm-3 px-3 d-flex align-items-center\">\r\n\t\t\t\t\t\t\t\t\t\t\t\t<div class=\"px-md-3 px-sm-0 px-0 text-md-start text-sm-center text-center\">\r\n\t\t\t\t\t\t\t\t\t\t\t\t\t<h5 class=\"line\">1992<\/h5>\r\n\t\t\t\t\t\t\t\t\t\t\t\t\t<h4>Petit Verdot<\/h4>\r\n\t\t\t\t\t\t\t\t\t\t\t\t\t<div><p>We plant the first Petit Verdot variety in Spain.<\/p>\n<\/div>\r\n\t\t\t\t\t\t\t\t\t\t\t\t<\/div>\r\n\t\t\t\t\t\t\t\t\t\t\t<\/div>\r\n\t\t\t\t\t\t\t\t\t\t<\/div>\r\n\t\t\t\t\t\t\t\t\t\t\t\t\t\t\t\t\t\t\t<div class=\"item row\">\r\n\t\t\t\t\t\t\t\t\t\t\t<div class=\"col-md-6 col-sm-12 col-12 px-md-5 px-sm-0 px-0 bullet\">\r\n\t\t\t\t\t\t\t\t\t\t\t\t<img decoding=\"async\" src=\"https:\/\/marquesdegrinon.com\/wp-content\/uploads\/2022\/12\/NoPath-copia-22.jpg\" alt=\"\" class=\"w-100\">\r\n\t\t\t\t\t\t\t\t\t\t\t<\/div>\r\n\t\t\t\t\t\t\t\t\t\t\t<div class=\"col-md-6 col-sm-12 col-12 px-md-5 px-sm-3 px-3 d-flex align-items-center\">\r\n\t\t\t\t\t\t\t\t\t\t\t\t<div class=\"px-md-3 px-sm-0 px-0 text-md-start text-sm-center text-center\">\r\n\t\t\t\t\t\t\t\t\t\t\t\t\t<h5 class=\"line\">1993<\/h5>\r\n\t\t\t\t\t\t\t\t\t\t\t\t\t<h4>Lyre and Smart-Dyson<\/h4>\r\n\t\t\t\t\t\t\t\t\t\t\t\t\t<div><p>Trellis systems are introduced featuring the advanced Lira and Smart-Dyson designs.<\/p>\n<\/div>\r\n\t\t\t\t\t\t\t\t\t\t\t\t<\/div>\r\n\t\t\t\t\t\t\t\t\t\t\t<\/div>\r\n\t\t\t\t\t\t\t\t\t\t<\/div>\r\n\t\t\t\t\t\t\t\t\t\t\t\t\t\t\t\t\t\t\t<div class=\"item row\">\r\n\t\t\t\t\t\t\t\t\t\t\t<div class=\"col-md-6 col-sm-12 col-12 px-md-5 px-sm-0 px-0 bullet\">\r\n\t\t\t\t\t\t\t\t\t\t\t\t<img decoding=\"async\" src=\"https:\/\/marquesdegrinon.com\/wp-content\/uploads\/2022\/12\/NoPath-copia-23.jpg\" alt=\"\" class=\"w-100\">\r\n\t\t\t\t\t\t\t\t\t\t\t<\/div>\r\n\t\t\t\t\t\t\t\t\t\t\t<div class=\"col-md-6 col-sm-12 col-12 px-md-5 px-sm-3 px-3 d-flex align-items-center\">\r\n\t\t\t\t\t\t\t\t\t\t\t\t<div class=\"px-md-3 px-sm-0 px-0 text-md-start text-sm-center text-center\">\r\n\t\t\t\t\t\t\t\t\t\t\t\t\t<h5 class=\"line\">1994<\/h5>\r\n\t\t\t\t\t\t\t\t\t\t\t\t\t<h4>Petit Verdot<\/h4>\r\n\t\t\t\t\t\t\t\t\t\t\t\t\t<div><p>We launch the first single-varietal Petit Verdot in the world.<\/p>\n<\/div>\r\n\t\t\t\t\t\t\t\t\t\t\t\t<\/div>\r\n\t\t\t\t\t\t\t\t\t\t\t<\/div>\r\n\t\t\t\t\t\t\t\t\t\t<\/div>\r\n\t\t\t\t\t\t\t\t\t\t\t\t\t\t\t\t\t\t\t<div class=\"item row\">\r\n\t\t\t\t\t\t\t\t\t\t\t<div class=\"col-md-6 col-sm-12 col-12 px-md-5 px-sm-0 px-0 bullet\">\r\n\t\t\t\t\t\t\t\t\t\t\t\t<img decoding=\"async\" src=\"https:\/\/marquesdegrinon.com\/wp-content\/uploads\/2022\/12\/NoPath-copia-24.jpg\" alt=\"\" class=\"w-100\">\r\n\t\t\t\t\t\t\t\t\t\t\t<\/div>\r\n\t\t\t\t\t\t\t\t\t\t\t<div class=\"col-md-6 col-sm-12 col-12 px-md-5 px-sm-3 px-3 d-flex align-items-center\">\r\n\t\t\t\t\t\t\t\t\t\t\t\t<div class=\"px-md-3 px-sm-0 px-0 text-md-start text-sm-center text-center\">\r\n\t\t\t\t\t\t\t\t\t\t\t\t\t<h5 class=\"line\">1999<\/h5>\r\n\t\t\t\t\t\t\t\t\t\t\t\t\t<h4>Stress Management<\/h4>\r\n\t\t\t\t\t\t\t\t\t\t\t\t\t<div><p>Computerised electronic controls are introduced to monitor soil moisture, along with dendrometers to measure the water stress of the vines.<\/p>\n<\/div>\r\n\t\t\t\t\t\t\t\t\t\t\t\t<\/div>\r\n\t\t\t\t\t\t\t\t\t\t\t<\/div>\r\n\t\t\t\t\t\t\t\t\t\t<\/div>\r\n\t\t\t\t\t\t\t\t\t\t\t\t\t\t\t\t\t\t\t<div class=\"item row\">\r\n\t\t\t\t\t\t\t\t\t\t\t<div class=\"col-md-6 col-sm-12 col-12 px-md-5 px-sm-0 px-0 bullet\">\r\n\t\t\t\t\t\t\t\t\t\t\t\t<img decoding=\"async\" src=\"https:\/\/marquesdegrinon.com\/wp-content\/uploads\/2022\/12\/NoPath-copia-26.jpg\" alt=\"\" class=\"w-100\">\r\n\t\t\t\t\t\t\t\t\t\t\t<\/div>\r\n\t\t\t\t\t\t\t\t\t\t\t<div class=\"col-md-6 col-sm-12 col-12 px-md-5 px-sm-3 px-3 d-flex align-items-center\">\r\n\t\t\t\t\t\t\t\t\t\t\t\t<div class=\"px-md-3 px-sm-0 px-0 text-md-start text-sm-center text-center\">\r\n\t\t\t\t\t\t\t\t\t\t\t\t\t<h5 class=\"line\">2000<\/h5>\r\n\t\t\t\t\t\t\t\t\t\t\t\t\t<h4>Graciano | Emeritvs 1997 | El Rinc\u00f3n<\/h4>\r\n\t\t\t\t\t\t\t\t\t\t\t\t\t<div><p>We launch the first vintage (1997) of the multivarietal Emeritvs.<br \/>\nExperimental planting begins of the Graciano variety.<br \/>\nThe small estate vineyard El Rinc\u00f3n is planted in Aldea del Fresno (Madrid).<\/p>\n<\/div>\r\n\t\t\t\t\t\t\t\t\t\t\t\t<\/div>\r\n\t\t\t\t\t\t\t\t\t\t\t<\/div>\r\n\t\t\t\t\t\t\t\t\t\t<\/div>\r\n\t\t\t\t\t\t\t\t\t\t\t\t\t\t\t\t\t\t\t<div class=\"item row\">\r\n\t\t\t\t\t\t\t\t\t\t\t<div class=\"col-md-6 col-sm-12 col-12 px-md-5 px-sm-0 px-0 bullet\">\r\n\t\t\t\t\t\t\t\t\t\t\t\t<img decoding=\"async\" src=\"https:\/\/marquesdegrinon.com\/wp-content\/uploads\/2022\/12\/NoPath-copia-28.jpg\" alt=\"\" class=\"w-100\">\r\n\t\t\t\t\t\t\t\t\t\t\t<\/div>\r\n\t\t\t\t\t\t\t\t\t\t\t<div class=\"col-md-6 col-sm-12 col-12 px-md-5 px-sm-3 px-3 d-flex align-items-center\">\r\n\t\t\t\t\t\t\t\t\t\t\t\t<div class=\"px-md-3 px-sm-0 px-0 text-md-start text-sm-center text-center\">\r\n\t\t\t\t\t\t\t\t\t\t\t\t\t<h5 class=\"line\">2002<\/h5>\r\n\t\t\t\t\t\t\t\t\t\t\t\t\t<h4>D.O.<\/h4>\r\n\t\t\t\t\t\t\t\t\t\t\t\t\t<div><p>Dominio de Valdepusa is granted denominaci\u00f3n de origen status by the Government of Castilla-La Mancha. This is later ratified by the Ministry of Agriculture and by the European Commission in 2003.<\/p>\n<\/div>\r\n\t\t\t\t\t\t\t\t\t\t\t\t<\/div>\r\n\t\t\t\t\t\t\t\t\t\t\t<\/div>\r\n\t\t\t\t\t\t\t\t\t\t<\/div>\r\n\t\t\t\t\t\t\t\t\t\t\t\t\t\t\t\t\t\t\t<div class=\"item row\">\r\n\t\t\t\t\t\t\t\t\t\t\t<div class=\"col-md-6 col-sm-12 col-12 px-md-5 px-sm-0 px-0 bullet\">\r\n\t\t\t\t\t\t\t\t\t\t\t\t<img decoding=\"async\" src=\"https:\/\/marquesdegrinon.com\/wp-content\/uploads\/2022\/12\/NoPath-copia-29.jpg\" alt=\"\" class=\"w-100\">\r\n\t\t\t\t\t\t\t\t\t\t\t<\/div>\r\n\t\t\t\t\t\t\t\t\t\t\t<div class=\"col-md-6 col-sm-12 col-12 px-md-5 px-sm-3 px-3 d-flex align-items-center\">\r\n\t\t\t\t\t\t\t\t\t\t\t\t<div class=\"px-md-3 px-sm-0 px-0 text-md-start text-sm-center text-center\">\r\n\t\t\t\t\t\t\t\t\t\t\t\t\t<h5 class=\"line\">2003<\/h5>\r\n\t\t\t\t\t\t\t\t\t\t\t\t\t<h4>Svmma Varietalis<\/h4>\r\n\t\t\t\t\t\t\t\t\t\t\t\t\t<div><p>We launch the multivarietal Svmma Varietalis.<br \/>\nWe launch the Marqu\u00e9s de Gri\u00f1\u00f3n extra-virgin olive oil.<\/p>\n<\/div>\r\n\t\t\t\t\t\t\t\t\t\t\t\t<\/div>\r\n\t\t\t\t\t\t\t\t\t\t\t<\/div>\r\n\t\t\t\t\t\t\t\t\t\t<\/div>\r\n\t\t\t\t\t\t\t\t\t\t\t\t\t\t\t\t\t\t\t<div class=\"item row\">\r\n\t\t\t\t\t\t\t\t\t\t\t<div class=\"col-md-6 col-sm-12 col-12 px-md-5 px-sm-0 px-0 bullet\">\r\n\t\t\t\t\t\t\t\t\t\t\t\t<img decoding=\"async\" src=\"https:\/\/marquesdegrinon.com\/wp-content\/uploads\/2022\/12\/NoPath-copia-30.jpg\" alt=\"\" class=\"w-100\">\r\n\t\t\t\t\t\t\t\t\t\t\t<\/div>\r\n\t\t\t\t\t\t\t\t\t\t\t<div class=\"col-md-6 col-sm-12 col-12 px-md-5 px-sm-3 px-3 d-flex align-items-center\">\r\n\t\t\t\t\t\t\t\t\t\t\t\t<div class=\"px-md-3 px-sm-0 px-0 text-md-start text-sm-center text-center\">\r\n\t\t\t\t\t\t\t\t\t\t\t\t\t<h5 class=\"line\">2004 &#8211; 2005<\/h5>\r\n\t\t\t\t\t\t\t\t\t\t\t\t\t<h4>National and International Network<\/h4>\r\n\t\t\t\t\t\t\t\t\t\t\t\t\t<div><p>Distribution is reorganised on a national level. <\/p>\n<p>Distribution is reorganised on an international level (42 countries), including an agreement with the LVMH group in the United States.<\/p>\n<\/div>\r\n\t\t\t\t\t\t\t\t\t\t\t\t<\/div>\r\n\t\t\t\t\t\t\t\t\t\t\t<\/div>\r\n\t\t\t\t\t\t\t\t\t\t<\/div>\r\n\t\t\t\t\t\t\t\t\t\t\t\t\t\t\t\t\t\t\t<div class=\"item row\">\r\n\t\t\t\t\t\t\t\t\t\t\t<div class=\"col-md-6 col-sm-12 col-12 px-md-5 px-sm-0 px-0 bullet\">\r\n\t\t\t\t\t\t\t\t\t\t\t\t<img decoding=\"async\" src=\"https:\/\/marquesdegrinon.com\/wp-content\/uploads\/2022\/12\/NoPath-copia-31.jpg\" alt=\"\" class=\"w-100\">\r\n\t\t\t\t\t\t\t\t\t\t\t<\/div>\r\n\t\t\t\t\t\t\t\t\t\t\t<div class=\"col-md-6 col-sm-12 col-12 px-md-5 px-sm-3 px-3 d-flex align-items-center\">\r\n\t\t\t\t\t\t\t\t\t\t\t\t<div class=\"px-md-3 px-sm-0 px-0 text-md-start text-sm-center text-center\">\r\n\t\t\t\t\t\t\t\t\t\t\t\t\t<h5 class=\"line\">2006<\/h5>\r\n\t\t\t\t\t\t\t\t\t\t\t\t\t<h4>Claude Bourguignon<\/h4>\r\n\t\t\t\t\t\t\t\t\t\t\t\t\t<div><p>Advising services begin from Claude Bourguignon, professor and international soil guru. Measurements and observations begin of the root systems of the Dominio de Valdepusa vineyards.<\/p>\n<\/div>\r\n\t\t\t\t\t\t\t\t\t\t\t\t<\/div>\r\n\t\t\t\t\t\t\t\t\t\t\t<\/div>\r\n\t\t\t\t\t\t\t\t\t\t<\/div>\r\n\t\t\t\t\t\t\t\t\t\t\t\t\t\t\t\t\t\t\t<div class=\"item row\">\r\n\t\t\t\t\t\t\t\t\t\t\t<div class=\"col-md-6 col-sm-12 col-12 px-md-5 px-sm-0 px-0 bullet\">\r\n\t\t\t\t\t\t\t\t\t\t\t\t<img decoding=\"async\" src=\"https:\/\/marquesdegrinon.com\/wp-content\/uploads\/2022\/12\/NoPath-copia-32.jpg\" alt=\"\" class=\"w-100\">\r\n\t\t\t\t\t\t\t\t\t\t\t<\/div>\r\n\t\t\t\t\t\t\t\t\t\t\t<div class=\"col-md-6 col-sm-12 col-12 px-md-5 px-sm-3 px-3 d-flex align-items-center\">\r\n\t\t\t\t\t\t\t\t\t\t\t\t<div class=\"px-md-3 px-sm-0 px-0 text-md-start text-sm-center text-center\">\r\n\t\t\t\t\t\t\t\t\t\t\t\t\t<h5 class=\"line\">2007<\/h5>\r\n\t\t\t\t\t\t\t\t\t\t\t\t\t<h4>Expansion<\/h4>\r\n\t\t\t\t\t\t\t\t\t\t\t\t\t<div><p>Due to the excellent results of the experimental planting, the vineyards of the Graciano variety are expanded at Dominio de Valdepusa.<\/p>\n<\/div>\r\n\t\t\t\t\t\t\t\t\t\t\t\t<\/div>\r\n\t\t\t\t\t\t\t\t\t\t\t<\/div>\r\n\t\t\t\t\t\t\t\t\t\t<\/div>\r\n\t\t\t\t\t\t\t\t\t\t\t\t\t\t\t\t\t\t\t<div class=\"item row\">\r\n\t\t\t\t\t\t\t\t\t\t\t<div class=\"col-md-6 col-sm-12 col-12 px-md-5 px-sm-0 px-0 bullet\">\r\n\t\t\t\t\t\t\t\t\t\t\t\t<img decoding=\"async\" src=\"https:\/\/marquesdegrinon.com\/wp-content\/uploads\/2022\/12\/NoPath-copia-33.jpg\" alt=\"\" class=\"w-100\">\r\n\t\t\t\t\t\t\t\t\t\t\t<\/div>\r\n\t\t\t\t\t\t\t\t\t\t\t<div class=\"col-md-6 col-sm-12 col-12 px-md-5 px-sm-3 px-3 d-flex align-items-center\">\r\n\t\t\t\t\t\t\t\t\t\t\t\t<div class=\"px-md-3 px-sm-0 px-0 text-md-start text-sm-center text-center\">\r\n\t\t\t\t\t\t\t\t\t\t\t\t\t<h5 class=\"line\">2008<\/h5>\r\n\t\t\t\t\t\t\t\t\t\t\t\t\t<h4>AAA<\/h4>\r\n\t\t\t\t\t\t\t\t\t\t\t\t\t<div><p>We launch Marqu\u00e9s de Gri\u00f1\u00f3n\u2019s most iconic wine, AAA. This wine is produced in very small quantities and features only the most exceptional batches in years that deserve it.<\/p>\n<\/div>\r\n\t\t\t\t\t\t\t\t\t\t\t\t<\/div>\r\n\t\t\t\t\t\t\t\t\t\t\t<\/div>\r\n\t\t\t\t\t\t\t\t\t\t<\/div>\r\n\t\t\t\t\t\t\t\t\t\t\t\t\t\t\t\t\t\t\t\t\t\t\t\t<\/div>\r\n\t\t\t\t\t\t<\/div>\r\n\t\t\t\t\t<\/div>\r\n\r\n\t\t\t\t<\/div>\r\n\t\t\t<\/div>\r\n\t\t<\/div>\r\n\t<\/div>\r\n<\/div>","protected":false},"excerpt":{"rendered":"","protected":false},"author":1,"featured_media":0,"parent":0,"menu_order":0,"comment_status":"closed","ping_status":"closed","template":"","meta":{"inline_featured_image":false,"footnotes":""},"class_list":["post-2046","page","type-page","status-publish","hentry"],"acf":[],"_links":{"self":[{"href":"https:\/\/marquesdegrinon.com\/en\/wp-json\/wp\/v2\/pages\/2046","targetHints":{"allow":["GET"]}}],"collection":[{"href":"https:\/\/marquesdegrinon.com\/en\/wp-json\/wp\/v2\/pages"}],"about":[{"href":"https:\/\/marquesdegrinon.com\/en\/wp-json\/wp\/v2\/types\/page"}],"author":[{"embeddable":true,"href":"https:\/\/marquesdegrinon.com\/en\/wp-json\/wp\/v2\/users\/1"}],"replies":[{"embeddable":true,"href":"https:\/\/marquesdegrinon.com\/en\/wp-json\/wp\/v2\/comments?post=2046"}],"version-history":[{"count":5,"href":"https:\/\/marquesdegrinon.com\/en\/wp-json\/wp\/v2\/pages\/2046\/revisions"}],"predecessor-version":[{"id":2191,"href":"https:\/\/marquesdegrinon.com\/en\/wp-json\/wp\/v2\/pages\/2046\/revisions\/2191"}],"wp:attachment":[{"href":"https:\/\/marquesdegrinon.com\/en\/wp-json\/wp\/v2\/media?parent=2046"}],"curies":[{"name":"wp","href":"https:\/\/api.w.org\/{rel}","templated":true}]}}