{"id":2041,"date":"2022-12-02T01:39:04","date_gmt":"2022-12-02T01:39:04","guid":{"rendered":"https:\/\/xenodochial-pascal.18-203-29-157.plesk.page\/aceites\/"},"modified":"2022-12-17T22:56:20","modified_gmt":"2022-12-17T22:56:20","slug":"aceites","status":"publish","type":"page","link":"https:\/\/marquesdegrinon.com\/en\/aceites\/","title":{"rendered":"Oils"},"content":{"rendered":"<div id=\"inner-heading\" class=\"container-fluid\">\n\t<div class=\"row h-100 d-flex align-items-center\">\n\t\t<div class=\"col-12 h-100 d-flex align-items-center\" style=\"background: url(https:\/\/marquesdegrinon.com\/wp-content\/uploads\/2022\/12\/img-aceites-scaled.jpg) center center no-repeat; background-size: cover;\">\n\t\t\t<div class=\"container\">\n\t\t\t\t<div class=\"row\">\n\t\t\t\t\t<div class=\"offset-md-2 col-md-8 offset-sm-0 offset-0 col-sm-12 col-12 d-flex align-items-center justify-content-center\">\n\t\t\t\t\t\t<div class=\"inner text-center wow fadeInUp\">\n\t\t\t\t\t\t\t<h1>Extra-Virgin Olive Oils<\/h1>\n\t\t\t\t\t\t<\/div>\n\t\t\t\t\t<\/div>\n\t\t\t\t<\/div>\n\t\t\t<\/div>\n\t\t<\/div>\n\t<\/div>\n<\/div>\n<div id=\"map-gradient\"><\/div>\n\n<div id=\"generation-gradient\" style=\"background: #f1f0ee; background: linear-gradient(180deg, rgba(241,240,238,0) 0%, #f1f0ee 100%);\"><\/div>\r\n<div id=\"memoriam\" class=\"generation container-fluid doubletop\" style=\"background:#f1f0ee\">\r\n\t<div class=\"row\">\r\n\t\t<div class=\"col-12\">\r\n\t\t\t<div class=\"container\">\r\n\r\n                                    <div class=\"row\">\r\n                        <div class=\"col-md-5 col-sm-12 col-12 d-flex align-items-center pe-md-5 pe-sm-auto pe-auto\">\r\n                            <div class=\"inner wow fadeInLeft\">\r\n                                <p class=\"title text-uppercase\">Generations of Unfettered Success<\/p>\r\n                                <h2 class=\"mb-3\">The Mill<\/h2>\r\n                                <p>For almost 800 years, the climate around the former Manor of Valdepusa was especially favourable for obtaining wines and oils of great finesse with intense aromas and taste.<\/p>\n<p>Based on this, we dedicate time and resources to obtaining a high-quality extra-virgin olive oil through numerous tests of our own olive groves and those from estates nearby.<\/p>\n                            <\/div>\r\n                        <\/div>\t\r\n                        <div class=\"col-md-7 col-sm-12 col-12 d-flex align-items-center justify-content-center position-relative ps-md-5 ps-sm-auto ps-auto wow fadeInRight\">\r\n                            <img decoding=\"async\" src=\"https:\/\/marquesdegrinon.com\/wp-content\/themes\/marques\/img\/ilustracion-aceiteuno-der.png\" alt=\"\" class=\"top-left\">\r\n                            <img decoding=\"async\" src=\"https:\/\/marquesdegrinon.com\/wp-content\/themes\/marques\/img\/ilustracion-aceitedos.png\" alt=\"\" class=\"right-bottom\">\r\n                            <img decoding=\"async\" src=\"https:\/\/marquesdegrinon.com\/wp-content\/uploads\/2022\/12\/OLIVOS.jpg\" alt=\"\" class='w-100 photo'>\r\n                        <\/div>\t\r\n                    <\/div>\r\n                \r\n                \r\n\r\n\t\t\t<\/div>\r\n\t\t<\/div>\r\n\t<\/div>\r\n<\/div>\n\n<div id=\"generation-gradient\" style=\"background: #f1f0ee; background: linear-gradient(180deg, rgba(241,240,238,0) 0%, #f1f0ee 100%);\"><\/div>\r\n<div id=\"memoriam\" class=\"generation container-fluid doublebottom\" style=\"background:#f1f0ee\">\r\n\t<div class=\"row\">\r\n\t\t<div class=\"col-12\">\r\n\t\t\t<div class=\"container\">\r\n\r\n                \r\n                                    <div class=\"row position-relative style-2\">\r\n                        <div class=\"col-md-7 col-sm-12 col-12 d-flex align-items-center justify-content-center position-relative\">\r\n                            <img decoding=\"async\" src=\"https:\/\/marquesdegrinon.com\/wp-content\/themes\/marques\/img\/ilustracion-aceiteuno-der.png\" alt=\"\" class=\"top-left wow fadeInLeft\">\r\n                            <img decoding=\"async\" src=\"https:\/\/marquesdegrinon.com\/wp-content\/themes\/marques\/img\/ilustracion-aceitedos.png\" alt=\"\" class=\"right-bottom wow fadeInLeft\">\r\n                            <img decoding=\"async\" src=\"https:\/\/marquesdegrinon.com\/wp-content\/uploads\/2022\/12\/pexels-gary-barnes-6231905.jpg\" alt=\"\" class='w-100 photo wow fadeInLeft'>\r\n                        <\/div>\t\r\n                        <div class=\"col-md-5 col-sm-12 col-12 d-flex align-items-center pe-md-5 pe-sm-auto pe-auto\">\r\n                            <div class=\"inner wow fadeInRight\">\r\n                                <p>The mill was built on the estate to obtain exceptional quality olive oil. It allows us to control important factors, such as the ideal time to harvest and which technique to use, including how long to wait between when the olives are harvested and milled. The timing of the harvest is crucial, since the organoleptic properties and optimum level of polyphenols for each variety and swath of land are only optimum for between eight and ten days. The only way to harvest the olives at their peak is by closely monitoring limited areas of land featuring more than one varietal.<\/p>\n<p><a class=\"mt-4 d-inline-block\" href=\"https:\/\/marquesdegrinon.com\/en\/aceites#oils\">Discover<\/a><\/p>\n                            <\/div>\r\n                        <\/div>\t\r\n                    <\/div>\r\n                \r\n\r\n\t\t\t<\/div>\r\n\t\t<\/div>\r\n\t<\/div>\r\n<\/div>\n\n\n<div style=\"height:20px\" aria-hidden=\"true\" id=\"oils\" class=\"wp-block-spacer\"><\/div>\n\n\n<div id=\"timeline\" class=\"slider-wines position-relative container-fluid position-relative\" style=\"background: #f3eee1\">\r\n                <img decoding=\"async\" src=\"https:\/\/marquesdegrinon.com\/wp-content\/uploads\/2022\/12\/ilustracion-aceiteuno.png\" alt=\"\" class=\"watermark position-absolute wow fadeIn position-1\">\r\n    \t<div class=\"row\">\r\n\t\t<div class=\"col-12\">\r\n\t\t\t<div class=\"container\">\r\n\t\t\t\t<div class=\"row\">\r\n\t\t\t\t\t<div class=\"col-sm-12 d-flex align-items-center justify-content-center\">\r\n\t\t\t\t\t\t<div class=\"inner text-center wow fadeInUp\">\r\n\t\t\t\t\t\t\t<p class=\"mb-2 text-uppercase title\">Our oils<\/p>\r\n\t\t\t\t\t\t\t<h2 class=\"mb-5\">Discover<\/h2>\r\n\t\t\t\t\t\t<\/div>\r\n\t\t\t\t\t<\/div>\t\r\n\r\n                                                                \r\n\t\t\t\t\t<div class=\"col-12\">\r\n\t\t\t\t\t\t<div class=\"carousel-container\">\r\n\t\t\t\t\t\t\t<div class=\"slider-wines-carousel\">\r\n\t\t\t\t\t\t\t\t\t\t\t\t\t\t\t\t\t\t\t\t\t\t\t\t\t\t\t<div class=\"item row\">\r\n\t\t\t\t\t\t\t\t\t\t\t<div class=\"col-md-6 col-sm-12 col-12 px-md-5 px-sm-0 px-0\">\r\n\t\t\t\t\t\t\t\t\t\t\t\t<img decoding=\"async\" src=\"https:\/\/marquesdegrinon.com\/wp-content\/uploads\/2022\/12\/Olevm-artis-576x1024.png\" alt=\"\" class=\"m-auto wow fadeInLeft\">\r\n\t\t\t\t\t\t\t\t\t\t\t<\/div>\r\n\t\t\t\t\t\t\t\t\t\t\t<div class=\"col-md-6 col-sm-12 col-12 px-md-5 px-sm-0 px-0 d-flex align-items-center\">\r\n\t\t\t\t\t\t\t\t\t\t\t\t<div class=\"px-md-5 px-sm-3 px-3 wow fadeInRight\">\r\n                                                    <p class=\"radley slick-status\"><\/p>\r\n                                                    <p class=\"title text-uppercase mb-3\">Marqu\u00e9s de gri\u00f1\u00f3n<\/p>\r\n\t\t\t\t\t\t\t\t\t\t\t\t\t<h2 class=\"mb-4 pb-2\">Olevm Artis<\/h2>\r\n\t\t\t\t\t\t\t\t\t\t\t\t\t<div class=\"radley mb-md-4 mb-sm-2 mb-2 pb-2\"><i><p>Olevm Artis is a coupage (combination) of the best selection of Picual and Arbequina varieties from each harvest. Its concentrated aroma and rich flavour are due to a cold-press lasting for less than three hours. It has a golden colour with greenish tones and leaves a velvety texture in the mouth.<\/p>\n<\/i><\/div>\r\n                                                                                                            <a class=\"btn btn-primary px-5\" target=\"_blank\" href=\"https:\/\/www.amazon.es\/Marqu%C3%A9s-Gri%C3%B1%C3%B3n-Aceite-oliva-virgen\/dp\/B0057UU56C?ref_=ast_sto_dp&#038;th=1&#038;psc=1\">Buy<\/a>\r\n                                                    \t\t\t\t\t\t\t\t\t\t\t\t<\/div>\r\n\t\t\t\t\t\t\t\t\t\t\t<\/div>\r\n\t\t\t\t\t\t\t\t\t\t<\/div>\r\n\t\t\t\t\t\t\t\t\t\t\t\t\t\t\t\t\t\t\t<div class=\"item row\">\r\n\t\t\t\t\t\t\t\t\t\t\t<div class=\"col-md-6 col-sm-12 col-12 px-md-5 px-sm-0 px-0\">\r\n\t\t\t\t\t\t\t\t\t\t\t\t<img decoding=\"async\" src=\"https:\/\/marquesdegrinon.com\/wp-content\/uploads\/2022\/12\/MDG-PICUAL.250-465x1024.png\" alt=\"\" class=\"m-auto wow fadeInLeft\">\r\n\t\t\t\t\t\t\t\t\t\t\t<\/div>\r\n\t\t\t\t\t\t\t\t\t\t\t<div class=\"col-md-6 col-sm-12 col-12 px-md-5 px-sm-0 px-0 d-flex align-items-center\">\r\n\t\t\t\t\t\t\t\t\t\t\t\t<div class=\"px-md-5 px-sm-3 px-3 wow fadeInRight\">\r\n                                                    <p class=\"radley slick-status\"><\/p>\r\n                                                    <p class=\"title text-uppercase mb-3\">Marqu\u00e9s de gri\u00f1\u00f3n<\/p>\r\n\t\t\t\t\t\t\t\t\t\t\t\t\t<h2 class=\"mb-4 pb-2\">Duo Picual<\/h2>\r\n\t\t\t\t\t\t\t\t\t\t\t\t\t<div class=\"radley mb-md-4 mb-sm-2 mb-2 pb-2\"><i><p>100% Picual Extra Virgin Olive Oil is yellow in colour with greenish touches. It is intensely spicy and slightly fruity.<\/p>\n<\/i><\/div>\r\n                                                                                                            <a class=\"btn btn-primary px-5\" target=\"_blank\" href=\"https:\/\/www.amazon.es\/Aceite-Virgen-Marques-Gri%C3%B1%C3%B3n-Collection\/dp\/B00ZDB6I70?ref_=ast_sto_dp&#038;th=1&#038;psc=1\">Buy<\/a>\r\n                                                    \t\t\t\t\t\t\t\t\t\t\t\t<\/div>\r\n\t\t\t\t\t\t\t\t\t\t\t<\/div>\r\n\t\t\t\t\t\t\t\t\t\t<\/div>\r\n\t\t\t\t\t\t\t\t\t\t\t\t\t\t\t\t\t\t\t<div class=\"item row\">\r\n\t\t\t\t\t\t\t\t\t\t\t<div class=\"col-md-6 col-sm-12 col-12 px-md-5 px-sm-0 px-0\">\r\n\t\t\t\t\t\t\t\t\t\t\t\t<img decoding=\"async\" src=\"https:\/\/marquesdegrinon.com\/wp-content\/uploads\/2022\/12\/MDG-DUO.250-446x1024.png\" alt=\"\" class=\"m-auto wow fadeInLeft\">\r\n\t\t\t\t\t\t\t\t\t\t\t<\/div>\r\n\t\t\t\t\t\t\t\t\t\t\t<div class=\"col-md-6 col-sm-12 col-12 px-md-5 px-sm-0 px-0 d-flex align-items-center\">\r\n\t\t\t\t\t\t\t\t\t\t\t\t<div class=\"px-md-5 px-sm-3 px-3 wow fadeInRight\">\r\n                                                    <p class=\"radley slick-status\"><\/p>\r\n                                                    <p class=\"title text-uppercase mb-3\">Marqu\u00e9s de gri\u00f1\u00f3n<\/p>\r\n\t\t\t\t\t\t\t\t\t\t\t\t\t<h2 class=\"mb-4 pb-2\">Duo Arbequina \u2013 Picual<\/h2>\r\n\t\t\t\t\t\t\t\t\t\t\t\t\t<div class=\"radley mb-md-4 mb-sm-2 mb-2 pb-2\"><i><p>It is a coupage (combination) of two varieties of olives, Arbequina and Picual. This duo oil achieves a perfect balance of both olives. The Arbequina is the softer and more delicate variety of the two, with floral notes. Picual, on the other hand, gives it an intense flavour and a bold personality.<\/p>\n<\/i><\/div>\r\n                                                                                                            <a class=\"btn btn-primary px-5\" target=\"_blank\" href=\"https:\/\/www.amazon.es\/Aceite-Virgen-Marques-Arbequina-Collection\/dp\/B017KU5PFM?ref_=ast_sto_dp&#038;th=1&#038;psc=1\">Buy<\/a>\r\n                                                    \t\t\t\t\t\t\t\t\t\t\t\t<\/div>\r\n\t\t\t\t\t\t\t\t\t\t\t<\/div>\r\n\t\t\t\t\t\t\t\t\t\t<\/div>\r\n\t\t\t\t\t\t\t\t\t\t\t\t\t\t\t\t\t\t\t<div class=\"item row\">\r\n\t\t\t\t\t\t\t\t\t\t\t<div class=\"col-md-6 col-sm-12 col-12 px-md-5 px-sm-0 px-0\">\r\n\t\t\t\t\t\t\t\t\t\t\t\t<img decoding=\"async\" src=\"https:\/\/marquesdegrinon.com\/wp-content\/uploads\/2022\/12\/MDG-ARBEQUINA250-460x1024.png\" alt=\"\" class=\"m-auto wow fadeInLeft\">\r\n\t\t\t\t\t\t\t\t\t\t\t<\/div>\r\n\t\t\t\t\t\t\t\t\t\t\t<div class=\"col-md-6 col-sm-12 col-12 px-md-5 px-sm-0 px-0 d-flex align-items-center\">\r\n\t\t\t\t\t\t\t\t\t\t\t\t<div class=\"px-md-5 px-sm-3 px-3 wow fadeInRight\">\r\n                                                    <p class=\"radley slick-status\"><\/p>\r\n                                                    <p class=\"title text-uppercase mb-3\">Marqu\u00e9s de gri\u00f1\u00f3n<\/p>\r\n\t\t\t\t\t\t\t\t\t\t\t\t\t<h2 class=\"mb-4 pb-2\">Duo Arbequina<\/h2>\r\n\t\t\t\t\t\t\t\t\t\t\t\t\t<div class=\"radley mb-md-4 mb-sm-2 mb-2 pb-2\"><i><p>100% Arbequina Extra Virgin Olive Oil with fresh aromas and delicate floral notes. Recommended for fish, pasta and white bread.<\/p>\n<\/i><\/div>\r\n                                                                                                            <a class=\"btn btn-primary px-5\" target=\"_blank\" href=\"https:\/\/www.amazon.es\/Aceite-Virgen-Marques-Arbequina-Collection\/dp\/B017KU5PFM?ref_=ast_sto_dp&#038;th=1&#038;psc=1\">Buy<\/a>\r\n                                                    \t\t\t\t\t\t\t\t\t\t\t\t<\/div>\r\n\t\t\t\t\t\t\t\t\t\t\t<\/div>\r\n\t\t\t\t\t\t\t\t\t\t<\/div>\r\n\t\t\t\t\t\t\t\t\t\t\t\t\t\t\t\t\t\t\t<div class=\"item row\">\r\n\t\t\t\t\t\t\t\t\t\t\t<div class=\"col-md-6 col-sm-12 col-12 px-md-5 px-sm-0 px-0\">\r\n\t\t\t\t\t\t\t\t\t\t\t\t<img decoding=\"async\" src=\"https:\/\/marquesdegrinon.com\/wp-content\/uploads\/2022\/12\/MDG-CORNICABRA250-451x1024.png\" alt=\"\" class=\"m-auto wow fadeInLeft\">\r\n\t\t\t\t\t\t\t\t\t\t\t<\/div>\r\n\t\t\t\t\t\t\t\t\t\t\t<div class=\"col-md-6 col-sm-12 col-12 px-md-5 px-sm-0 px-0 d-flex align-items-center\">\r\n\t\t\t\t\t\t\t\t\t\t\t\t<div class=\"px-md-5 px-sm-3 px-3 wow fadeInRight\">\r\n                                                    <p class=\"radley slick-status\"><\/p>\r\n                                                    <p class=\"title text-uppercase mb-3\">Marqu\u00e9s de gri\u00f1\u00f3n<\/p>\r\n\t\t\t\t\t\t\t\t\t\t\t\t\t<h2 class=\"mb-4 pb-2\">Duo Cornicabra<\/h2>\r\n\t\t\t\t\t\t\t\t\t\t\t\t\t<div class=\"radley mb-md-4 mb-sm-2 mb-2 pb-2\"><i><p>100% Cornicabra Extra Virgin Olive Oil. This oil persists on the palate, dominated by a pleasant spice that reveals its high polyphenol content. It is ideal to accompany pasta dishes, raw or grilled mushrooms, vegetables, shellfish, rice, poultry and white meat.<\/p>\n<\/i><\/div>\r\n                                                                                                            <a class=\"btn btn-primary px-5\" target=\"_blank\" href=\"https:\/\/www.amazon.es\/Marqu%C3%A9s-Gri%C3%B1%C3%B3n-Aceite-Cornicabra-botellas\/dp\/B0896FDSGY?ref_=ast_sto_dp\">Buy<\/a>\r\n                                                    \t\t\t\t\t\t\t\t\t\t\t\t<\/div>\r\n\t\t\t\t\t\t\t\t\t\t\t<\/div>\r\n\t\t\t\t\t\t\t\t\t\t<\/div>\r\n\t\t\t\t\t\t\t\t\t\t\t\t\t\t\t\t\t\t\t<div class=\"item row\">\r\n\t\t\t\t\t\t\t\t\t\t\t<div class=\"col-md-6 col-sm-12 col-12 px-md-5 px-sm-0 px-0\">\r\n\t\t\t\t\t\t\t\t\t\t\t\t<img decoding=\"async\" src=\"https:\/\/marquesdegrinon.com\/wp-content\/uploads\/2022\/12\/SL-Arbequina_Sin-Anada-576x1024.png\" alt=\"\" class=\"m-auto wow fadeInLeft\">\r\n\t\t\t\t\t\t\t\t\t\t\t<\/div>\r\n\t\t\t\t\t\t\t\t\t\t\t<div class=\"col-md-6 col-sm-12 col-12 px-md-5 px-sm-0 px-0 d-flex align-items-center\">\r\n\t\t\t\t\t\t\t\t\t\t\t\t<div class=\"px-md-5 px-sm-3 px-3 wow fadeInRight\">\r\n                                                    <p class=\"radley slick-status\"><\/p>\r\n                                                    <p class=\"title text-uppercase mb-3\">Marqu\u00e9s de gri\u00f1\u00f3n<\/p>\r\n\t\t\t\t\t\t\t\t\t\t\t\t\t<h2 class=\"mb-4 pb-2\">Limited Series Arbequina<\/h2>\r\n\t\t\t\t\t\t\t\t\t\t\t\t\t<div class=\"radley mb-md-4 mb-sm-2 mb-2 pb-2\"><i><p>Our Limited Series Arbequina is the selection of the most exquisite and aromatic oil produced in a single day during the harvest. The oil is different on each day of the harvest, depending on the weather conditions and how the olives arrive.<\/p>\n<\/i><\/div>\r\n                                                                                                            <a class=\"btn btn-primary px-5\" target=\"_blank\" href=\"https:\/\/www.amazon.es\/Marqu%C3%A9s-Gri%C3%B1%C3%B3n-Aceite-virgen-Arbequina\/dp\/B00BIJA6VA?ref_=ast_sto_dp&#038;th=1&#038;psc=1\">Buy<\/a>\r\n                                                    \t\t\t\t\t\t\t\t\t\t\t\t<\/div>\r\n\t\t\t\t\t\t\t\t\t\t\t<\/div>\r\n\t\t\t\t\t\t\t\t\t\t<\/div>\r\n\t\t\t\t\t\t\t\t\t\t\t\t\t\t\t\t\t\t\t<div class=\"item row\">\r\n\t\t\t\t\t\t\t\t\t\t\t<div class=\"col-md-6 col-sm-12 col-12 px-md-5 px-sm-0 px-0\">\r\n\t\t\t\t\t\t\t\t\t\t\t\t<img decoding=\"async\" src=\"https:\/\/marquesdegrinon.com\/wp-content\/uploads\/2022\/12\/SL-Picual_Sin-Anada-576x1024.png\" alt=\"\" class=\"m-auto wow fadeInLeft\">\r\n\t\t\t\t\t\t\t\t\t\t\t<\/div>\r\n\t\t\t\t\t\t\t\t\t\t\t<div class=\"col-md-6 col-sm-12 col-12 px-md-5 px-sm-0 px-0 d-flex align-items-center\">\r\n\t\t\t\t\t\t\t\t\t\t\t\t<div class=\"px-md-5 px-sm-3 px-3 wow fadeInRight\">\r\n                                                    <p class=\"radley slick-status\"><\/p>\r\n                                                    <p class=\"title text-uppercase mb-3\">Marqu\u00e9s de gri\u00f1\u00f3n<\/p>\r\n\t\t\t\t\t\t\t\t\t\t\t\t\t<h2 class=\"mb-4 pb-2\">Limited Series Picual<\/h2>\r\n\t\t\t\t\t\t\t\t\t\t\t\t\t<div class=\"radley mb-md-4 mb-sm-2 mb-2 pb-2\"><i><p>Our Limited Series Picual is the selection of the most exquisite and aromatic oil produced in a single day during the harvest. The oil is different on each day of the harvest, depending on the weather conditions and how the olives arrive.<\/p>\n<\/i><\/div>\r\n                                                                                                            <a class=\"btn btn-primary px-5\" target=\"_blank\" href=\"https:\/\/www.amazon.es\/Marqu%C3%A9s-Gri%C3%B1%C3%B3n-Aceite-virgen-Picual\/dp\/B00BIJA6FG?ref_=ast_sto_dp&#038;th=1&#038;psc=1\">Buy<\/a>\r\n                                                    \t\t\t\t\t\t\t\t\t\t\t\t<\/div>\r\n\t\t\t\t\t\t\t\t\t\t\t<\/div>\r\n\t\t\t\t\t\t\t\t\t\t<\/div>\r\n\t\t\t\t\t\t\t\t\t\t\t\t\t\t\t\t\t\t\t<div class=\"item row\">\r\n\t\t\t\t\t\t\t\t\t\t\t<div class=\"col-md-6 col-sm-12 col-12 px-md-5 px-sm-0 px-0\">\r\n\t\t\t\t\t\t\t\t\t\t\t\t<img decoding=\"async\" src=\"https:\/\/marquesdegrinon.com\/wp-content\/uploads\/2022\/12\/SL-Cornicabra_Sin-Anada-576x1024.png\" alt=\"\" class=\"m-auto wow fadeInLeft\">\r\n\t\t\t\t\t\t\t\t\t\t\t<\/div>\r\n\t\t\t\t\t\t\t\t\t\t\t<div class=\"col-md-6 col-sm-12 col-12 px-md-5 px-sm-0 px-0 d-flex align-items-center\">\r\n\t\t\t\t\t\t\t\t\t\t\t\t<div class=\"px-md-5 px-sm-3 px-3 wow fadeInRight\">\r\n                                                    <p class=\"radley slick-status\"><\/p>\r\n                                                    <p class=\"title text-uppercase mb-3\">Marqu\u00e9s de gri\u00f1\u00f3n<\/p>\r\n\t\t\t\t\t\t\t\t\t\t\t\t\t<h2 class=\"mb-4 pb-2\">Limited Series Cornicabra<\/h2>\r\n\t\t\t\t\t\t\t\t\t\t\t\t\t<div class=\"radley mb-md-4 mb-sm-2 mb-2 pb-2\"><i><p>Our Limited Series Cornicabra is the selection of the most exquisite and aromatic oil produced in a single day during the harvest. The oil is different on each day of the harvest, depending on the weather conditions and how the olives arrive.<\/p>\n<\/i><\/div>\r\n                                                                                                            <a class=\"btn btn-primary px-5\" target=\"_blank\" href=\"https:\/\/www.amazon.es\/Marqu%C3%A9s-Gri%C3%B1%C3%B3n-Limitada-Cornicabra-botellas\/dp\/B0896GCYSV?ref_=ast_sto_dp\">Buy<\/a>\r\n                                                    \t\t\t\t\t\t\t\t\t\t\t\t<\/div>\r\n\t\t\t\t\t\t\t\t\t\t\t<\/div>\r\n\t\t\t\t\t\t\t\t\t\t<\/div>\r\n\t\t\t\t\t\t\t\t\t\t\t\t\t\t\t\t\t\t\t\t\t\t\t\t<\/div>\r\n\t\t\t\t\t\t<\/div>\r\n\t\t\t\t\t<\/div>\r\n\r\n\t\t\t\t<\/div>\r\n\t\t\t<\/div>\r\n\t\t<\/div>\r\n\t<\/div>\r\n<\/div>","protected":false},"excerpt":{"rendered":"","protected":false},"author":1,"featured_media":0,"parent":0,"menu_order":0,"comment_status":"closed","ping_status":"closed","template":"","meta":{"inline_featured_image":false,"footnotes":""},"class_list":["post-2041","page","type-page","status-publish","hentry"],"acf":[],"_links":{"self":[{"href":"https:\/\/marquesdegrinon.com\/en\/wp-json\/wp\/v2\/pages\/2041","targetHints":{"allow":["GET"]}}],"collection":[{"href":"https:\/\/marquesdegrinon.com\/en\/wp-json\/wp\/v2\/pages"}],"about":[{"href":"https:\/\/marquesdegrinon.com\/en\/wp-json\/wp\/v2\/types\/page"}],"author":[{"embeddable":true,"href":"https:\/\/marquesdegrinon.com\/en\/wp-json\/wp\/v2\/users\/1"}],"replies":[{"embeddable":true,"href":"https:\/\/marquesdegrinon.com\/en\/wp-json\/wp\/v2\/comments?post=2041"}],"version-history":[{"count":5,"href":"https:\/\/marquesdegrinon.com\/en\/wp-json\/wp\/v2\/pages\/2041\/revisions"}],"predecessor-version":[{"id":2159,"href":"https:\/\/marquesdegrinon.com\/en\/wp-json\/wp\/v2\/pages\/2041\/revisions\/2159"}],"wp:attachment":[{"href":"https:\/\/marquesdegrinon.com\/en\/wp-json\/wp\/v2\/media?parent=2041"}],"curies":[{"name":"wp","href":"https:\/\/api.w.org\/{rel}","templated":true}]}}