{"id":2038,"date":"2022-09-25T00:29:24","date_gmt":"2022-09-25T00:29:24","guid":{"rendered":"https:\/\/xenodochial-pascal.18-203-29-157.plesk.page\/contacto\/"},"modified":"2022-12-16T15:05:57","modified_gmt":"2022-12-16T15:05:57","slug":"contacto","status":"publish","type":"page","link":"https:\/\/marquesdegrinon.com\/en\/contacto\/","title":{"rendered":"Contact us"},"content":{"rendered":"<div id=\"contact\" class=\"position-relative container-fluid \" style=\"background: #f1f0ee;\">\n\t<img decoding=\"async\" src=\"https:\/\/marquesdegrinon.com\/wp-content\/themes\/marques\/img\/ilustracion-tres.png\" alt=\"\" class=\"right-img wow fadeInRight\">\n\t<img decoding=\"async\" src=\"https:\/\/marquesdegrinon.com\/wp-content\/themes\/marques\/img\/ilustracion-dos.png\" alt=\"\" class=\"left-img wow fadeInLeft\">\n\t<div class=\"row\">\n\t\t<div class=\"col-12\">\n\t\t\t<div class=\"container\">\n\t\t\t\t<div class=\"row\">\n\t\t\t\t\t<div class=\"offset-xl-3 offset-lg-2 offset-md-1 offset-sm-0 offset-0 col-xl-6 col-lg-8 col-md-10 col-sm-12 col-12 pt-md-4 pt-sm-0 pt-0 d-flex flex-column align-items-center justify-content-center\">\n\t\t\t\t\t\t<h2 class=\"mb-4 text-center wow fadeInUp\">Contact <br\/>us<\/h2>\n\t\t\t\t\t\t<p class=\"mb-4 text-center wow fadeInUp\">Thank you for your interest in Marqu\u00e9s de Gri\u00f1\u00f3n. Please use the form below to help us direct your inquiry to the right team member.<\/p>\n\t\t\t\t\t\t<div class=\"wow fadeInUp\">\n\t\t\t\t\t\t\t<div class=\"wpcf7 no-js\" id=\"wpcf7-f2079-o1\" lang=\"es-ES\" dir=\"ltr\">\n<div class=\"screen-reader-response\"><p role=\"status\" aria-live=\"polite\" aria-atomic=\"true\"><\/p> <ul><\/ul><\/div>\n<form action=\"\/en\/wp-json\/wp\/v2\/pages\/2038#wpcf7-f2079-o1\" method=\"post\" class=\"wpcf7-form init wpcf7-acceptance-as-validation\" aria-label=\"Formulario de contacto\" novalidate=\"novalidate\" data-status=\"init\">\n<div style=\"display: none;\">\n<input type=\"hidden\" name=\"_wpcf7\" value=\"2079\" \/>\n<input type=\"hidden\" name=\"_wpcf7_version\" value=\"5.7.2\" \/>\n<input type=\"hidden\" name=\"_wpcf7_locale\" value=\"es_ES\" \/>\n<input type=\"hidden\" name=\"_wpcf7_unit_tag\" value=\"wpcf7-f2079-o1\" \/>\n<input type=\"hidden\" name=\"_wpcf7_container_post\" value=\"0\" \/>\n<input type=\"hidden\" name=\"_wpcf7_posted_data_hash\" value=\"\" \/>\n<\/div>\n<div class=\"row\">\n\t<div class=\"col-md-6 col-sm-12 col-12\">\n\t\t<p><span class=\"wpcf7-form-control-wrap\" data-name=\"firstname\"><input size=\"40\" class=\"wpcf7-form-control wpcf7-text wpcf7-validates-as-required form-control\" aria-required=\"true\" aria-invalid=\"false\" placeholder=\"Name*\" value=\"\" type=\"text\" name=\"firstname\" \/><\/span>\n\t\t<\/p>\n\t<\/div>\n\t<div class=\"col-md-6 col-sm-12 col-12\">\n\t\t<p><span class=\"wpcf7-form-control-wrap\" data-name=\"lastname\"><input size=\"40\" class=\"wpcf7-form-control wpcf7-text wpcf7-validates-as-required form-control\" aria-required=\"true\" aria-invalid=\"false\" placeholder=\"Surnames*\" value=\"\" type=\"text\" name=\"lastname\" \/><\/span>\n\t\t<\/p>\n\t<\/div>\n<\/div>\n<p><span class=\"wpcf7-form-control-wrap\" data-name=\"email\"><input size=\"40\" class=\"wpcf7-form-control wpcf7-text wpcf7-email wpcf7-validates-as-required wpcf7-validates-as-email form-control\" aria-required=\"true\" aria-invalid=\"false\" placeholder=\"Email*\" value=\"\" type=\"email\" name=\"email\" \/><\/span><br \/>\n<span class=\"wpcf7-form-control-wrap\" data-name=\"mensaje\"><textarea cols=\"40\" rows=\"10\" class=\"wpcf7-form-control wpcf7-textarea form-control\" aria-invalid=\"false\" placeholder=\"Message\" name=\"mensaje\"><\/textarea><\/span><br \/>\n<span class=\"wpcf7-form-control-wrap\" data-name=\"acceptance-133\"><span class=\"wpcf7-form-control wpcf7-acceptance\"><span class=\"wpcf7-list-item\"><label><input type=\"checkbox\" name=\"acceptance-133\" value=\"1\" aria-invalid=\"false\" \/><span class=\"wpcf7-list-item-label\">I have read and accept the <a href=\"https:\/\/marquesdegrinon.com\/politica-privacidad\/\" target=\"_blank\">Privacy Policy<\/a><\/span><\/label><\/span><\/span><\/span>\n<\/p>\n<div class=\"text-center\">\n\t<p><input class=\"wpcf7-form-control has-spinner wpcf7-submit btn btn-primary my-md-3 my-sm-0 my-0 mb-md-3 mb-sm-0 mb-0 w-auto\" type=\"submit\" value=\"Send Message\" \/>\n\t<\/p>\n<\/div><div class=\"wpcf7-response-output\" aria-hidden=\"true\"><\/div><\/form><\/div>\t\t\t\t\t\t<\/div>\n\t\t\t\t\t<\/div>\n\t\t\t\t<\/div>\n\t\t\t<\/div>\n\t\t<\/div>\n\t<\/div>\n<\/div>","protected":false},"excerpt":{"rendered":"","protected":false},"author":1,"featured_media":0,"parent":0,"menu_order":0,"comment_status":"closed","ping_status":"closed","template":"","meta":{"inline_featured_image":false,"footnotes":""},"class_list":["post-2038","page","type-page","status-publish","hentry"],"acf":[],"_links":{"self":[{"href":"https:\/\/marquesdegrinon.com\/en\/wp-json\/wp\/v2\/pages\/2038","targetHints":{"allow":["GET"]}}],"collection":[{"href":"https:\/\/marquesdegrinon.com\/en\/wp-json\/wp\/v2\/pages"}],"about":[{"href":"https:\/\/marquesdegrinon.com\/en\/wp-json\/wp\/v2\/types\/page"}],"author":[{"embeddable":true,"href":"https:\/\/marquesdegrinon.com\/en\/wp-json\/wp\/v2\/users\/1"}],"replies":[{"embeddable":true,"href":"https:\/\/marquesdegrinon.com\/en\/wp-json\/wp\/v2\/comments?post=2038"}],"version-history":[{"count":5,"href":"https:\/\/marquesdegrinon.com\/en\/wp-json\/wp\/v2\/pages\/2038\/revisions"}],"predecessor-version":[{"id":2081,"href":"https:\/\/marquesdegrinon.com\/en\/wp-json\/wp\/v2\/pages\/2038\/revisions\/2081"}],"wp:attachment":[{"href":"https:\/\/marquesdegrinon.com\/en\/wp-json\/wp\/v2\/media?parent=2038"}],"curies":[{"name":"wp","href":"https:\/\/api.w.org\/{rel}","templated":true}]}}