{"id":2027,"date":"2022-12-16T02:32:28","date_gmt":"2022-12-16T02:32:28","guid":{"rendered":"https:\/\/xenodochial-pascal.18-203-29-157.plesk.page\/?page_id=2027"},"modified":"2022-12-16T15:07:54","modified_gmt":"2022-12-16T15:07:54","slug":"inicio","status":"publish","type":"page","link":"https:\/\/marquesdegrinon.com\/en\/","title":{"rendered":"Home"},"content":{"rendered":"<div id=\"home-heading\" class=\"container-fluid d-flex align-items-center position-relative p-0\">\n\t<div class=\"row w-100 position-relative\" style=\"margin-left: auto;margin-right: auto;\">\n\t\t<div class=\"col-12 p-0\">\n\t\t\t<video autoplay muted loop id=\"home-video\">\n\t\t\t\t\t\n\t\t\t\t\t<source src=\"https:\/\/marquesdegrinon.com\/wp-content\/uploads\/2022\/12\/Marques-de-Grinon-1080-V2.mp4\" type=\"video\/mp4\">\n\t\t\t\t\t\t\t\t\t\t\t<\/video>\n\t\t<\/div>\t\n\t<\/div>\n<\/div>\n\n<div id=\"memoriam\" class=\"container-fluid\" style=\"background:#f1f0ee\">\r\n\t<div class=\"row\">\r\n\t\t<div class=\"col-12\">\r\n\t\t\t<div class=\"container\">\r\n\t\t\t\t<div class=\"row\">\r\n\t\t\t\t\t<div class=\"col-md-7 col-sm-12 col-12 d-flex align-items-center wow fadeInLeft order2 mt-md-0 mt-sm-5 mt-5\">\r\n\t\t\t\t\t\t<div class=\"inner text-center\">\r\n\t\t\t\t\t\t\t<p class=\"title text-uppercase\">In Memoriam <br><b>1937-2020<\/b><\/p>\r\n\t\t\t\t\t\t\t<h2 class=\"mb-3\">Carlos Falc\u00f3<\/h2>\r\n\t\t\t\t\t\t\t<p>Marqu\u00e9s de Gri\u00f1\u00f3n produces signature wines, elaborated in the 1970s by a man now considered one of the most renowned and internationally recognised Spanish winemakers: Carlos Falc\u00f3 y Fern\u00e1ndez de C\u00f3rdoba, fifth Marquess of Gri\u00f1\u00f3n. Our pioneering spirit puts us on the cutting-edge of modern viticulture. Our entire process exudes excellence, from the vineyard to the glass.<\/p>\r\n\t\t\t\t\t\t<\/div>\r\n\t\t\t\t\t<\/div>\t\r\n\t\t\t\t\t<div class=\"col-md-5 col-sm-12 col-12 d-flex align-items-center justify-content-center position-relative wow fadeInRight order1\">\r\n\t\t\t\t\t\t<img decoding=\"async\" src=\"https:\/\/marquesdegrinon.com\/wp-content\/themes\/marques\/img\/ilustracion-cuatro.png\" alt=\"\" class=\"top-right\">\r\n\t\t\t\t\t\t<img decoding=\"async\" src=\"https:\/\/marquesdegrinon.com\/wp-content\/themes\/marques\/img\/ilustracion-cuatro.png\" alt=\"\" class=\"left-bottom\">\r\n\t\t\t\t\t\t<img decoding=\"async\" src=\"https:\/\/marquesdegrinon.com\/wp-content\/uploads\/2022\/12\/falco.jpg\" alt=\"\" class='w-75 photo'>\r\n\t\t\t\t\t<\/div>\t\r\n\t\t\t\t<\/div>\r\n\t\t\t<\/div>\r\n\t\t<\/div>\r\n\t<\/div>\r\n<\/div>\n\n<div id=\"domain\" class=\"container-fluid\">\r\n\t<div class=\"row\">\r\n\t\t<div class=\"col-12\">\r\n\t\t\t<div class=\"container\">\r\n\t\t\t\t<div class=\"row\">\r\n\t\t\t\t\t<div class=\"col-12 d-flex align-items-center\">\r\n\t\t\t\t\t\t<div class=\"inner text-center\">\r\n\t\t\t\t\t\t\t<img decoding=\"async\" src=\"https:\/\/marquesdegrinon.com\/wp-content\/uploads\/2022\/12\/dominiodevaldepusa.jpg\" alt=\"\" class='w-100 mb-md-5 mb-sm-3 mb-3 wow fadeInUp'>\r\n\t\t\t\t\t\t<\/div>\r\n\t\t\t\t\t<\/div>\t\r\n\t\t\t\t\t<div class=\"col-md-6 offset-md-3 col-sm-12 offset-sm-0 offset-0 col-12 d-flex align-items-center\">\r\n\t\t\t\t\t\t<div class=\"inner text-center\">\r\n\t\t\t\t\t\t\t<h2 class=\"mb-md-5 mb-sm-3 mb-3 wow fadeInUp\">Dominio de Valdepusa<\/h2>\r\n\t\t\t\t\t\t\t<p class=\"mb-md-5 mb-sm-3 mb-3 wow fadeInUp\">Dominio de Valdepusa is an exceptional estate. Its family ownership stretches back to 1292. In 2002, the Spanish government granted the first ever Vino de Pago classification to Dominio de Valdepusa.<\/p>\r\n\t\t\t\t\t\t\t<a class=\"wow fadeInUp\" href=\"https:\/\/marquesdegrinon.com\/en\/quienes-somos#dominiovaldepusa\">Learn more<\/a>\r\n\t\t\t\t\t\t<\/div>\r\n\t\t\t\t\t<\/div>\t\r\n\t\t\t\t<\/div>\r\n\t\t\t<\/div>\r\n\t\t<\/div>\r\n\t<\/div>\r\n<\/div>\n\n<div id=\"wines\" class=\"container-fluid\" style=\"background: #f4eee0\">\r\n\t<div class=\"row\">\r\n\t\t<div class=\"col-12\">\r\n\t\t\t<div class=\"container\">\r\n\t\t\t\t<div class=\"row\">\r\n\t\t\t\t\t<div class=\"col-sm-12 d-flex align-items-center justify-content-center\">\r\n\t\t\t\t\t\t<div class=\"inner text-center wow fadeInUp\">\r\n\t\t\t\t\t\t\t<p class=\"mb-1\">Our<\/p>\r\n\t\t\t\t\t\t\t<h2 class=\"mb-5\">Wines<\/h2>\r\n\t\t\t\t\t\t<\/div>\r\n\t\t\t\t\t<\/div>\t\r\n\r\n\t\t\t\t\t\r\n\t\t\t\t\t<div class=\"col-12 d-flex justify-content-center\">\r\n\t\t\t\t\t\t<div class=\"carousel-container position-relative\">\r\n\t\t\t\t\t\t\t<img decoding=\"async\" src=\"https:\/\/marquesdegrinon.com\/wp-content\/themes\/marques\/img\/ilustracion-cuatro.png\" alt=\"\" class=\"right-img position-absolute wow fadeInRight\">\r\n\t\t\t\t\t\t\t<img decoding=\"async\" src=\"https:\/\/marquesdegrinon.com\/wp-content\/themes\/marques\/img\/ilustracion-uno.png\" alt=\"\" class=\"left-img position-absolute wow fadeInLeft\">\r\n\t\t\t\t\t\t\t<div class=\"wines-carousel wow fadeIn\">\r\n\t\t\t\t\t\t\t\t\t\t\t\t\t\t\t\t\t\t\t\t\t\t\t\t\t\t\t<div class=\"item d-flex justify-content-center align-items-center\">\r\n\t\t\t\t\t\t\t\t\t\t\t<img decoding=\"async\" src=\"https:\/\/marquesdegrinon.com\/wp-content\/uploads\/2022\/12\/Mdg_Emeritvs.png\" alt=\"\">\r\n\t\t\t\t\t\t\t\t\t\t<\/div>\r\n\t\t\t\t\t\t\t\t\t\t\t\t\t\t\t\t\t\t\t<div class=\"item d-flex justify-content-center align-items-center\">\r\n\t\t\t\t\t\t\t\t\t\t\t<img decoding=\"async\" src=\"https:\/\/marquesdegrinon.com\/wp-content\/uploads\/2022\/12\/Mdg_Rioja_Selecc_Esp_Cza.png\" alt=\"\">\r\n\t\t\t\t\t\t\t\t\t\t<\/div>\r\n\t\t\t\t\t\t\t\t\t\t\t\t\t\t\t\t\t\t\t<div class=\"item d-flex justify-content-center align-items-center\">\r\n\t\t\t\t\t\t\t\t\t\t\t<img decoding=\"async\" src=\"https:\/\/marquesdegrinon.com\/wp-content\/uploads\/2022\/12\/Mdg_Svmma_Varietalis.png\" alt=\"\">\r\n\t\t\t\t\t\t\t\t\t\t<\/div>\r\n\t\t\t\t\t\t\t\t\t\t\t\t\t\t\t\t\t\t\t<div class=\"item d-flex justify-content-center align-items-center\">\r\n\t\t\t\t\t\t\t\t\t\t\t<img decoding=\"async\" src=\"https:\/\/marquesdegrinon.com\/wp-content\/uploads\/2022\/12\/Mdg_Rueda_Verdejo.png\" alt=\"\">\r\n\t\t\t\t\t\t\t\t\t\t<\/div>\r\n\t\t\t\t\t\t\t\t\t\t\t\t\t\t\t\t\t\t\t<div class=\"item d-flex justify-content-center align-items-center\">\r\n\t\t\t\t\t\t\t\t\t\t\t<img decoding=\"async\" src=\"https:\/\/marquesdegrinon.com\/wp-content\/uploads\/2022\/12\/Mdg_Graciano.png\" alt=\"\">\r\n\t\t\t\t\t\t\t\t\t\t<\/div>\r\n\t\t\t\t\t\t\t\t\t\t\t\t\t\t\t\t\t\t\t<div class=\"item d-flex justify-content-center align-items-center\">\r\n\t\t\t\t\t\t\t\t\t\t\t<img decoding=\"async\" src=\"https:\/\/marquesdegrinon.com\/wp-content\/uploads\/2022\/12\/mdg-clasico.png\" alt=\"\">\r\n\t\t\t\t\t\t\t\t\t\t<\/div>\r\n\t\t\t\t\t\t\t\t\t\t\t\t\t\t\t\t\t\t\t\t\t\t\t\t<\/div>\r\n\t\t\t\t\t\t<\/div>\r\n\t\t\t\t\t<\/div>\r\n\r\n\t\t\t\t\t<div class=\"mt-5 pt-4 col-12 d-flex align-items-center justify-content-center\">\r\n\t\t\t\t\t\t<div class=\"inner text-center wow fadeInUp\">\r\n\t\t\t\t\t\t\t<a href=\"https:\/\/marquesdegrinon.com\/en\/vinos\/\">See all the wines<\/a>\r\n\t\t\t\t\t\t<\/div>\r\n\t\t\t\t\t<\/div>\t\r\n\t\t\t\t<\/div>\r\n\t\t\t<\/div>\r\n\t\t<\/div>\r\n\t<\/div>\r\n<\/div>\n\n<div id=\"wines\" class=\"aoves container-fluid\" style=\"background: #f1f0ee\">\r\n\t<div class=\"row\">\r\n\t\t<div class=\"col-12\">\r\n\t\t\t<div class=\"container\">\r\n\t\t\t\t<div class=\"row\">\r\n\t\t\t\t\t<div class=\"col-sm-12 d-flex align-items-center justify-content-center\">\r\n\t\t\t\t\t\t<div class=\"inner text-center wow fadeInUp\">\r\n\t\t\t\t\t\t\t<p class=\"mb-1\">Our<\/p>\r\n\t\t\t\t\t\t\t<h2 class=\"mb-5\">Extra-virgin olive oils<\/h2>\r\n\t\t\t\t\t\t<\/div>\r\n\t\t\t\t\t<\/div>\t\r\n\r\n\t\t\t\t\t\r\n\t\t\t\t\t<div class=\"col-12 d-flex justify-content-center\">\r\n\t\t\t\t\t\t<div class=\"carousel-container position-relative\">\r\n\t\t\t\t\t\t\t<img decoding=\"async\" src=\"https:\/\/marquesdegrinon.com\/wp-content\/themes\/marques\/img\/ilustracion-aceiteuno.png\" alt=\"\" class=\"right-img position-absolute wow fadeInRight\">\r\n\t\t\t\t\t\t\t<img decoding=\"async\" src=\"https:\/\/marquesdegrinon.com\/wp-content\/themes\/marques\/img\/ilustracion-aceitedos.png\" alt=\"\" class=\"left-img position-absolute wow fadeInLeft\">\r\n\t\t\t\t\t\t\t<div class=\"wines-carousel wow fadeIn\">\r\n\t\t\t\t\t\t\t\t\t\t\t\t\t\t\t\t\t\t\t\t\t\t\t\t\t\t\t<div class=\"item d-flex justify-content-center align-items-center\">\r\n\t\t\t\t\t\t\t\t\t\t\t<img decoding=\"async\" src=\"https:\/\/marquesdegrinon.com\/wp-content\/uploads\/2022\/12\/SL-Cornicabra_Sin-Anada.png\" alt=\"\">\r\n\t\t\t\t\t\t\t\t\t\t<\/div>\r\n\t\t\t\t\t\t\t\t\t\t\t\t\t\t\t\t\t\t\t<div class=\"item d-flex justify-content-center align-items-center\">\r\n\t\t\t\t\t\t\t\t\t\t\t<img decoding=\"async\" src=\"https:\/\/marquesdegrinon.com\/wp-content\/uploads\/2022\/12\/SL-Picual_Sin-Anada.png\" alt=\"\">\r\n\t\t\t\t\t\t\t\t\t\t<\/div>\r\n\t\t\t\t\t\t\t\t\t\t\t\t\t\t\t\t\t\t\t<div class=\"item d-flex justify-content-center align-items-center\">\r\n\t\t\t\t\t\t\t\t\t\t\t<img decoding=\"async\" src=\"https:\/\/marquesdegrinon.com\/wp-content\/uploads\/2022\/12\/SL-Arbequina_Sin-Anada.png\" alt=\"\">\r\n\t\t\t\t\t\t\t\t\t\t<\/div>\r\n\t\t\t\t\t\t\t\t\t\t\t\t\t\t\t\t\t\t\t<div class=\"item d-flex justify-content-center align-items-center\">\r\n\t\t\t\t\t\t\t\t\t\t\t<img decoding=\"async\" src=\"https:\/\/marquesdegrinon.com\/wp-content\/uploads\/2022\/12\/MDG-CORNICABRA250.png\" alt=\"\">\r\n\t\t\t\t\t\t\t\t\t\t<\/div>\r\n\t\t\t\t\t\t\t\t\t\t\t\t\t\t\t\t\t\t\t<div class=\"item d-flex justify-content-center align-items-center\">\r\n\t\t\t\t\t\t\t\t\t\t\t<img decoding=\"async\" src=\"https:\/\/marquesdegrinon.com\/wp-content\/uploads\/2022\/12\/MDG-ARBEQUINA250.png\" alt=\"\">\r\n\t\t\t\t\t\t\t\t\t\t<\/div>\r\n\t\t\t\t\t\t\t\t\t\t\t\t\t\t\t\t\t\t\t<div class=\"item d-flex justify-content-center align-items-center\">\r\n\t\t\t\t\t\t\t\t\t\t\t<img decoding=\"async\" src=\"https:\/\/marquesdegrinon.com\/wp-content\/uploads\/2022\/12\/MDG-DUO.250.png\" alt=\"\">\r\n\t\t\t\t\t\t\t\t\t\t<\/div>\r\n\t\t\t\t\t\t\t\t\t\t\t\t\t\t\t\t\t\t\t<div class=\"item d-flex justify-content-center align-items-center\">\r\n\t\t\t\t\t\t\t\t\t\t\t<img decoding=\"async\" src=\"https:\/\/marquesdegrinon.com\/wp-content\/uploads\/2022\/12\/MDG-PICUAL.250.png\" alt=\"\">\r\n\t\t\t\t\t\t\t\t\t\t<\/div>\r\n\t\t\t\t\t\t\t\t\t\t\t\t\t\t\t\t\t\t\t<div class=\"item d-flex justify-content-center align-items-center\">\r\n\t\t\t\t\t\t\t\t\t\t\t<img decoding=\"async\" src=\"https:\/\/marquesdegrinon.com\/wp-content\/uploads\/2022\/12\/Olevm-artis.png\" alt=\"\">\r\n\t\t\t\t\t\t\t\t\t\t<\/div>\r\n\t\t\t\t\t\t\t\t\t\t\t\t\t\t\t\t\t\t\t\t\t\t\t\t<\/div>\r\n\t\t\t\t\t\t<\/div>\r\n\t\t\t\t\t<\/div>\r\n\r\n\t\t\t\t\t<div class=\"mt-5 pt-4 col-12 d-flex align-items-center justify-content-center\">\r\n\t\t\t\t\t\t<div class=\"inner text-center wow fadeInUp\">\r\n\t\t\t\t\t\t\t<a href=\"https:\/\/marquesdegrinon.com\/en\/aceites\/\">See all extra-virgin olive oils<\/a>\r\n\t\t\t\t\t\t<\/div>\r\n\t\t\t\t\t<\/div>\t\r\n\t\t\t\t<\/div>\r\n\t\t\t<\/div>\r\n\t\t<\/div>\r\n\t<\/div>\r\n<\/div>\n\n<section id=\"insta-feed\" class=\"container-fluid\">\r\n    <div class=\"row\">\r\n        <div class=\"col\">\r\n            <div class=\"container\">\r\n                <div class=\"row\">\r\n                    <div class=\"col section-instagram text-center\">\r\n                        <div class=\"d-flex justify-content-center\">\r\n                            <h2 class=\"text-center wow fadeInUp\">Follow us on Instagram<\/h2>\r\n                        <\/div>\r\n                        <div class=\"row style-2 my-3 wow fadeInUp\">\r\n                                                                                        <div class=\"col-md-3 col-sm-6 col-6 p-0\">\r\n                                    <div class=\"inner my-3\" style=\"background: url(https:\/\/marquesdegrinon.com\/wp-content\/uploads\/2022\/12\/0cc7e76a3b21cc2b76fc10c35002ad7a.jpg) center center no-repeat;background-size: contain;\">\r\n                                        <!-- <a href=\"https:\/\/marquesdegrinon.com\/wp-content\/uploads\/2022\/12\/0cc7e76a3b21cc2b76fc10c35002ad7a.jpg\"  data-fancybox=\"gallery-insta\">\r\n                                            <div class=\"overlay\"><\/div>\r\n                                        <\/a> -->\r\n                                    <\/div>\r\n                                <\/div>\r\n                                                            <div class=\"col-md-3 col-sm-6 col-6 p-0\">\r\n                                    <div class=\"inner my-3\" style=\"background: url(https:\/\/marquesdegrinon.com\/wp-content\/uploads\/2022\/12\/8b53d2bb5eddd18dcc17b050a24f06cf.jpg) center center no-repeat;background-size: contain;\">\r\n                                        <!-- <a href=\"https:\/\/marquesdegrinon.com\/wp-content\/uploads\/2022\/12\/8b53d2bb5eddd18dcc17b050a24f06cf.jpg\"  data-fancybox=\"gallery-insta\">\r\n                                            <div class=\"overlay\"><\/div>\r\n                                        <\/a> -->\r\n                                    <\/div>\r\n                                <\/div>\r\n                                                            <div class=\"col-md-3 col-sm-6 col-6 p-0\">\r\n                                    <div class=\"inner my-3\" style=\"background: url(https:\/\/marquesdegrinon.com\/wp-content\/uploads\/2022\/12\/bcf121ce209ec2461b59395d374da3e3.jpg) center center no-repeat;background-size: contain;\">\r\n                                        <!-- <a href=\"https:\/\/marquesdegrinon.com\/wp-content\/uploads\/2022\/12\/bcf121ce209ec2461b59395d374da3e3.jpg\"  data-fancybox=\"gallery-insta\">\r\n                                            <div class=\"overlay\"><\/div>\r\n                                        <\/a> -->\r\n                                    <\/div>\r\n                                <\/div>\r\n                                                            <div class=\"col-md-3 col-sm-6 col-6 p-0\">\r\n                                    <div class=\"inner my-3\" style=\"background: url(https:\/\/marquesdegrinon.com\/wp-content\/uploads\/2022\/12\/8e1112bba5d92a1236a99df040aefa55.jpg) center center no-repeat;background-size: contain;\">\r\n                                        <!-- <a href=\"https:\/\/marquesdegrinon.com\/wp-content\/uploads\/2022\/12\/8e1112bba5d92a1236a99df040aefa55.jpg\"  data-fancybox=\"gallery-insta\">\r\n                                            <div class=\"overlay\"><\/div>\r\n                                        <\/a> -->\r\n                                    <\/div>\r\n                                <\/div>\r\n                                                    <\/div>\r\n                        <a class=\"text-center wow fadeInUp\" href=\"https:\/\/www.instagram.com\/marquesdegrinon\/\" target=\"_blank\" rel=\"noopener noreferrer\">@marquesdegri\u00f1on<\/a>\r\n                    <\/div>\r\n                <\/div>\r\n            <\/div>\r\n        <\/div>\r\n    <\/div>\r\n<\/section>\n\n<div id=\"contact\" class=\"position-relative container-fluid \" style=\"background: #ffffff;\">\n\t<img decoding=\"async\" src=\"https:\/\/marquesdegrinon.com\/wp-content\/themes\/marques\/img\/ilustracion-tres.png\" alt=\"\" class=\"right-img wow fadeInRight\">\n\t<img decoding=\"async\" src=\"https:\/\/marquesdegrinon.com\/wp-content\/themes\/marques\/img\/ilustracion-dos.png\" alt=\"\" class=\"left-img wow fadeInLeft\">\n\t<div class=\"row\">\n\t\t<div class=\"col-12\">\n\t\t\t<div class=\"container\">\n\t\t\t\t<div class=\"row\">\n\t\t\t\t\t<div class=\"offset-xl-3 offset-lg-2 offset-md-1 offset-sm-0 offset-0 col-xl-6 col-lg-8 col-md-10 col-sm-12 col-12 pt-md-4 pt-sm-0 pt-0 d-flex flex-column align-items-center justify-content-center\">\n\t\t\t\t\t\t<h2 class=\"mb-4 text-center wow fadeInUp\">Contact <br\/>us<\/h2>\n\t\t\t\t\t\t<p class=\"mb-4 text-center wow fadeInUp\">Thank you for your interest in Marqu\u00e9s de Gri\u00f1\u00f3n. Please use the form below to help us direct your inquiry to the right team member.<\/p>\n\t\t\t\t\t\t<div class=\"wow fadeInUp\">\n\t\t\t\t\t\t\t<div class=\"wpcf7 no-js\" id=\"wpcf7-f2079-o1\" lang=\"es-ES\" dir=\"ltr\">\n<div class=\"screen-reader-response\"><p role=\"status\" aria-live=\"polite\" aria-atomic=\"true\"><\/p> <ul><\/ul><\/div>\n<form action=\"\/en\/wp-json\/wp\/v2\/pages\/2027#wpcf7-f2079-o1\" method=\"post\" class=\"wpcf7-form init wpcf7-acceptance-as-validation\" aria-label=\"Formulario de contacto\" novalidate=\"novalidate\" data-status=\"init\">\n<div style=\"display: none;\">\n<input type=\"hidden\" name=\"_wpcf7\" value=\"2079\" \/>\n<input type=\"hidden\" name=\"_wpcf7_version\" value=\"5.7.2\" \/>\n<input type=\"hidden\" name=\"_wpcf7_locale\" value=\"es_ES\" \/>\n<input type=\"hidden\" name=\"_wpcf7_unit_tag\" value=\"wpcf7-f2079-o1\" \/>\n<input type=\"hidden\" name=\"_wpcf7_container_post\" value=\"0\" \/>\n<input type=\"hidden\" name=\"_wpcf7_posted_data_hash\" value=\"\" \/>\n<\/div>\n<div class=\"row\">\n\t<div class=\"col-md-6 col-sm-12 col-12\">\n\t\t<p><span class=\"wpcf7-form-control-wrap\" data-name=\"firstname\"><input size=\"40\" class=\"wpcf7-form-control wpcf7-text wpcf7-validates-as-required form-control\" aria-required=\"true\" aria-invalid=\"false\" placeholder=\"Name*\" value=\"\" type=\"text\" name=\"firstname\" \/><\/span>\n\t\t<\/p>\n\t<\/div>\n\t<div class=\"col-md-6 col-sm-12 col-12\">\n\t\t<p><span class=\"wpcf7-form-control-wrap\" data-name=\"lastname\"><input size=\"40\" class=\"wpcf7-form-control wpcf7-text wpcf7-validates-as-required form-control\" aria-required=\"true\" aria-invalid=\"false\" placeholder=\"Surnames*\" value=\"\" type=\"text\" name=\"lastname\" \/><\/span>\n\t\t<\/p>\n\t<\/div>\n<\/div>\n<p><span class=\"wpcf7-form-control-wrap\" data-name=\"email\"><input size=\"40\" class=\"wpcf7-form-control wpcf7-text wpcf7-email wpcf7-validates-as-required wpcf7-validates-as-email form-control\" aria-required=\"true\" aria-invalid=\"false\" placeholder=\"Email*\" value=\"\" type=\"email\" name=\"email\" \/><\/span><br \/>\n<span class=\"wpcf7-form-control-wrap\" data-name=\"mensaje\"><textarea cols=\"40\" rows=\"10\" class=\"wpcf7-form-control wpcf7-textarea form-control\" aria-invalid=\"false\" placeholder=\"Message\" name=\"mensaje\"><\/textarea><\/span><br \/>\n<span class=\"wpcf7-form-control-wrap\" data-name=\"acceptance-133\"><span class=\"wpcf7-form-control wpcf7-acceptance\"><span class=\"wpcf7-list-item\"><label><input type=\"checkbox\" name=\"acceptance-133\" value=\"1\" aria-invalid=\"false\" \/><span class=\"wpcf7-list-item-label\">I have read and accept the <a href=\"https:\/\/marquesdegrinon.com\/politica-privacidad\/\" target=\"_blank\">Privacy Policy<\/a><\/span><\/label><\/span><\/span><\/span>\n<\/p>\n<div class=\"text-center\">\n\t<p><input class=\"wpcf7-form-control has-spinner wpcf7-submit btn btn-primary my-md-3 my-sm-0 my-0 mb-md-3 mb-sm-0 mb-0 w-auto\" type=\"submit\" value=\"Send Message\" \/>\n\t<\/p>\n<\/div><div class=\"wpcf7-response-output\" aria-hidden=\"true\"><\/div><\/form><\/div>\t\t\t\t\t\t<\/div>\n\t\t\t\t\t<\/div>\n\t\t\t\t<\/div>\n\t\t\t<\/div>\n\t\t<\/div>\n\t<\/div>\n<\/div>","protected":false},"excerpt":{"rendered":"","protected":false},"author":1,"featured_media":0,"parent":0,"menu_order":0,"comment_status":"closed","ping_status":"closed","template":"","meta":{"inline_featured_image":false,"footnotes":""},"class_list":["post-2027","page","type-page","status-publish","hentry"],"acf":[],"_links":{"self":[{"href":"https:\/\/marquesdegrinon.com\/en\/wp-json\/wp\/v2\/pages\/2027","targetHints":{"allow":["GET"]}}],"collection":[{"href":"https:\/\/marquesdegrinon.com\/en\/wp-json\/wp\/v2\/pages"}],"about":[{"href":"https:\/\/marquesdegrinon.com\/en\/wp-json\/wp\/v2\/types\/page"}],"author":[{"embeddable":true,"href":"https:\/\/marquesdegrinon.com\/en\/wp-json\/wp\/v2\/users\/1"}],"replies":[{"embeddable":true,"href":"https:\/\/marquesdegrinon.com\/en\/wp-json\/wp\/v2\/comments?post=2027"}],"version-history":[{"count":8,"href":"https:\/\/marquesdegrinon.com\/en\/wp-json\/wp\/v2\/pages\/2027\/revisions"}],"predecessor-version":[{"id":2084,"href":"https:\/\/marquesdegrinon.com\/en\/wp-json\/wp\/v2\/pages\/2027\/revisions\/2084"}],"wp:attachment":[{"href":"https:\/\/marquesdegrinon.com\/en\/wp-json\/wp\/v2\/media?parent=2027"}],"curies":[{"name":"wp","href":"https:\/\/api.w.org\/{rel}","templated":true}]}}